{"id":15979,"date":"2024-01-12T11:03:56","date_gmt":"2024-01-12T11:03:56","guid":{"rendered":"https:\/\/greemap.es\/bureau-sequra-a-barcelone\/"},"modified":"2024-09-16T21:58:44","modified_gmt":"2024-09-16T21:58:44","slug":"bureau-sequra-a-barcelone","status":"publish","type":"page","link":"https:\/\/greemap.es\/fr\/bureau-sequra-a-barcelone\/","title":{"rendered":"Bureau Sequra \u00e0 Barcelone"},"content":{"rendered":"\t\t<div data-elementor-type=\"wp-page\" data-elementor-id=\"15979\" class=\"elementor elementor-15979 elementor-14855\" data-elementor-post-type=\"page\">\n\t\t\t\t\t\t<section class=\"elementor-section elementor-top-section elementor-element elementor-element-e9bc394 elementor-section-boxed elementor-section-height-default elementor-section-height-default\" data-id=\"e9bc394\" data-element_type=\"section\">\n\t\t\t\t\t\t<div class=\"elementor-container elementor-column-gap-no\">\n\t\t\t\t\t<div class=\"elementor-column elementor-col-100 elementor-top-column elementor-element elementor-element-c189817\" data-id=\"c189817\" data-element_type=\"column\">\n\t\t\t<div class=\"elementor-widget-wrap elementor-element-populated\">\n\t\t\t\t\t\t<div class=\"elementor-element elementor-element-6abfe7e elementor-widget elementor-widget-heading\" data-id=\"6abfe7e\" data-element_type=\"widget\" data-widget_type=\"heading.default\">\n\t\t\t\t<div class=\"elementor-widget-container\">\n\t\t\t\t\t<h1 class=\"elementor-heading-title elementor-size-default\">Bureau de Sequra<\/h1>\t\t\t\t<\/div>\n\t\t\t\t<\/div>\n\t\t\t\t\t<\/div>\n\t\t<\/div>\n\t\t\t\t\t<\/div>\n\t\t<\/section>\n\t\t\t\t<section class=\"elementor-section elementor-top-section elementor-element elementor-element-b6b1212 elementor-section-boxed elementor-section-height-default elementor-section-height-default\" data-id=\"b6b1212\" data-element_type=\"section\" data-settings=\"{&quot;background_background&quot;:&quot;classic&quot;}\">\n\t\t\t\t\t\t<div class=\"elementor-container elementor-column-gap-default\">\n\t\t\t\t\t<div class=\"elementor-column elementor-col-50 elementor-top-column elementor-element elementor-element-1ccba7b\" data-id=\"1ccba7b\" data-element_type=\"column\" data-settings=\"{&quot;background_background&quot;:&quot;classic&quot;}\">\n\t\t\t<div class=\"elementor-widget-wrap elementor-element-populated\">\n\t\t\t\t\t<div class=\"elementor-background-overlay\"><\/div>\n\t\t\t\t\t\t<div class=\"elementor-element elementor-element-a47e7bc elementor-widget-divider--view-line elementor-widget elementor-widget-divider\" data-id=\"a47e7bc\" data-element_type=\"widget\" data-widget_type=\"divider.default\">\n\t\t\t\t<div class=\"elementor-widget-container\">\n\t\t\t\t\t\t\t<div class=\"elementor-divider\">\n\t\t\t<span class=\"elementor-divider-separator\">\n\t\t\t\t\t\t<\/span>\n\t\t<\/div>\n\t\t\t\t\t\t<\/div>\n\t\t\t\t<\/div>\n\t\t\t\t<div class=\"elementor-element elementor-element-e2a7cfa elementor-widget elementor-widget-text-editor\" data-id=\"e2a7cfa\" data-element_type=\"widget\" data-widget_type=\"text-editor.default\">\n\t\t\t\t<div class=\"elementor-widget-container\">\n\t\t\t\t\t\t\t\t\t<p>Le nouveau centre de l&rsquo;entreprise SeQura \u00e0 Barcelone cherche \u00e0 encourager la cr\u00e9ativit\u00e9 de ses travailleurs et \u00e0 rompre avec le bureau classique. C&rsquo;est pour cette raison qu&rsquo;ils ont essay\u00e9 de cr\u00e9er dans ce nouvel espace une \u00ab oasis de rencontre \u00bb dans laquelle le paulownia cherche \u00e0 \u00eatre un \u00e9l\u00e9ment diff\u00e9renciateur.<\/p>\n<p>Et la preuve en est ce spectaculaire canap\u00e9 circulaire compos\u00e9 de lattes de paulownia.<\/p>\n<p>Dans un autre espace o\u00f9 l&rsquo;on peut trouver du paulownia, il est sur le comptoir avec \u00e9clairage int\u00e9gr\u00e9. Encore une fois, les lattes deviennent pertinentes, formant un lambris d\u00e9coratif qui recouvre tout un mur.<\/p>\t\t\t\t\t\t\t\t<\/div>\n\t\t\t\t<\/div>\n\t\t\t\t<div class=\"elementor-element elementor-element-bfa2bcd elementor-widget-divider--view-line elementor-widget elementor-widget-divider\" data-id=\"bfa2bcd\" data-element_type=\"widget\" data-widget_type=\"divider.default\">\n\t\t\t\t<div class=\"elementor-widget-container\">\n\t\t\t\t\t\t\t<div class=\"elementor-divider\">\n\t\t\t<span class=\"elementor-divider-separator\">\n\t\t\t\t\t\t<\/span>\n\t\t<\/div>\n\t\t\t\t\t\t<\/div>\n\t\t\t\t<\/div>\n\t\t\t\t<section class=\"elementor-section elementor-inner-section elementor-element elementor-element-55472f9 elementor-section-boxed elementor-section-height-default elementor-section-height-default\" data-id=\"55472f9\" data-element_type=\"section\">\n\t\t\t\t\t\t<div class=\"elementor-container elementor-column-gap-default\">\n\t\t\t\t\t<div class=\"elementor-column elementor-col-50 elementor-inner-column elementor-element elementor-element-921317a\" data-id=\"921317a\" data-element_type=\"column\">\n\t\t\t<div class=\"elementor-widget-wrap elementor-element-populated\">\n\t\t\t\t\t\t<div class=\"elementor-element elementor-element-3984a6f elementor-widget elementor-widget-image\" data-id=\"3984a6f\" data-element_type=\"widget\" data-widget_type=\"image.default\">\n\t\t\t\t<div class=\"elementor-widget-container\">\n\t\t\t\t\t\t\t\t\t\t\t\t\t\t\t\t<a href=\"https:\/\/greemap.es\/fabricant-de-lamelles-colles\/?lang=fr\">\n\t\t\t\t\t\t\t<img fetchpriority=\"high\" decoding=\"async\" width=\"885\" height=\"590\" src=\"https:\/\/greemap.es\/wp-content\/uploads\/2023\/03\/Tablero-Alistonado-2-1-1024x683.jpg\" class=\"attachment-large size-large wp-image-15120\" alt=\"Tablero Alistonado 2\" srcset=\"https:\/\/greemap.es\/wp-content\/uploads\/2023\/03\/Tablero-Alistonado-2-1-1024x683.jpg 1024w, https:\/\/greemap.es\/wp-content\/uploads\/2023\/03\/Tablero-Alistonado-2-1-300x200.jpg 300w, https:\/\/greemap.es\/wp-content\/uploads\/2023\/03\/Tablero-Alistonado-2-1-768x512.jpg 768w, https:\/\/greemap.es\/wp-content\/uploads\/2023\/03\/Tablero-Alistonado-2-1.jpg 1200w\" sizes=\"(max-width: 885px) 100vw, 885px\" \/>\t\t\t\t\t\t\t\t<\/a>\n\t\t\t\t\t\t\t\t\t\t\t\t\t\t\t<\/div>\n\t\t\t\t<\/div>\n\t\t\t\t\t<\/div>\n\t\t<\/div>\n\t\t\t\t<div class=\"elementor-column elementor-col-50 elementor-inner-column elementor-element elementor-element-ce65df3\" data-id=\"ce65df3\" data-element_type=\"column\">\n\t\t\t<div class=\"elementor-widget-wrap elementor-element-populated\">\n\t\t\t\t\t\t<div class=\"elementor-element elementor-element-6bc6986 elementor-widget elementor-widget-image\" data-id=\"6bc6986\" data-element_type=\"widget\" data-widget_type=\"image.default\">\n\t\t\t\t<div class=\"elementor-widget-container\">\n\t\t\t\t\t\t\t\t\t\t\t\t\t\t\t\t<a href=\"https:\/\/greemap.es\/fabricant-de-lattes\/?lang=fr\">\n\t\t\t\t\t\t\t<img decoding=\"async\" width=\"885\" height=\"590\" src=\"https:\/\/greemap.es\/wp-content\/uploads\/2023\/03\/Liston-laminado-Paulownia.jpg\" class=\"attachment-large size-large wp-image-15192\" alt=\"Liston laminado Paulownia\" srcset=\"https:\/\/greemap.es\/wp-content\/uploads\/2023\/03\/Liston-laminado-Paulownia.jpg 938w, https:\/\/greemap.es\/wp-content\/uploads\/2023\/03\/Liston-laminado-Paulownia-300x200.jpg 300w, https:\/\/greemap.es\/wp-content\/uploads\/2023\/03\/Liston-laminado-Paulownia-768x512.jpg 768w\" sizes=\"(max-width: 885px) 100vw, 885px\" \/>\t\t\t\t\t\t\t\t<\/a>\n\t\t\t\t\t\t\t\t\t\t\t\t\t\t\t<\/div>\n\t\t\t\t<\/div>\n\t\t\t\t\t<\/div>\n\t\t<\/div>\n\t\t\t\t\t<\/div>\n\t\t<\/section>\n\t\t\t\t\t<\/div>\n\t\t<\/div>\n\t\t\t\t<div class=\"elementor-column elementor-col-50 elementor-top-column elementor-element elementor-element-418ce85\" data-id=\"418ce85\" data-element_type=\"column\">\n\t\t\t<div class=\"elementor-widget-wrap elementor-element-populated\">\n\t\t\t\t\t\t<div class=\"elementor-element elementor-element-1d4ed44 elementor-widget elementor-widget-image\" data-id=\"1d4ed44\" data-element_type=\"widget\" data-widget_type=\"image.default\">\n\t\t\t\t<div class=\"elementor-widget-container\">\n\t\t\t\t\t\t\t\t\t\t\t\t\t\t\t<img decoding=\"async\" width=\"683\" height=\"1024\" src=\"https:\/\/greemap.es\/wp-content\/uploads\/2023\/01\/3-2-683x1024.jpg\" class=\"attachment-large size-large wp-image-14862\" alt=\"Oficina Sequra general\" srcset=\"https:\/\/greemap.es\/wp-content\/uploads\/2023\/01\/3-2-683x1024.jpg 683w, https:\/\/greemap.es\/wp-content\/uploads\/2023\/01\/3-2-200x300.jpg 200w, https:\/\/greemap.es\/wp-content\/uploads\/2023\/01\/3-2-768x1152.jpg 768w, https:\/\/greemap.es\/wp-content\/uploads\/2023\/01\/3-2.jpg 1000w\" sizes=\"(max-width: 683px) 100vw, 683px\" \/>\t\t\t\t\t\t\t\t\t\t\t\t\t\t\t<\/div>\n\t\t\t\t<\/div>\n\t\t\t\t\t<\/div>\n\t\t<\/div>\n\t\t\t\t\t<\/div>\n\t\t<\/section>\n\t\t\t\t<section class=\"elementor-section elementor-top-section elementor-element elementor-element-b63c8cb elementor-reverse-mobile elementor-section-boxed elementor-section-height-default elementor-section-height-default\" data-id=\"b63c8cb\" data-element_type=\"section\" data-settings=\"{&quot;background_background&quot;:&quot;classic&quot;}\">\n\t\t\t\t\t\t<div class=\"elementor-container elementor-column-gap-no\">\n\t\t\t\t\t<div class=\"elementor-column elementor-col-100 elementor-top-column elementor-element elementor-element-a6e490e\" data-id=\"a6e490e\" data-element_type=\"column\">\n\t\t\t<div class=\"elementor-widget-wrap elementor-element-populated\">\n\t\t\t\t\t\t<div class=\"elementor-element elementor-element-1cfdc10 elementor-widget elementor-widget-image\" data-id=\"1cfdc10\" data-element_type=\"widget\" data-widget_type=\"image.default\">\n\t\t\t\t<div class=\"elementor-widget-container\">\n\t\t\t\t\t\t\t\t\t\t\t\t\t\t\t<img loading=\"lazy\" decoding=\"async\" width=\"885\" height=\"574\" src=\"https:\/\/greemap.es\/wp-content\/uploads\/2023\/01\/2-1-1024x664.jpg\" class=\"attachment-large size-large wp-image-14859\" alt=\"Oficina Sequra\" srcset=\"https:\/\/greemap.es\/wp-content\/uploads\/2023\/01\/2-1-1024x664.jpg 1024w, https:\/\/greemap.es\/wp-content\/uploads\/2023\/01\/2-1-300x194.jpg 300w, https:\/\/greemap.es\/wp-content\/uploads\/2023\/01\/2-1-768x498.jpg 768w, https:\/\/greemap.es\/wp-content\/uploads\/2023\/01\/2-1.jpg 1080w\" sizes=\"(max-width: 885px) 100vw, 885px\" \/>\t\t\t\t\t\t\t\t\t\t\t\t\t\t\t<\/div>\n\t\t\t\t<\/div>\n\t\t\t\t\t<\/div>\n\t\t<\/div>\n\t\t\t\t\t<\/div>\n\t\t<\/section>\n\t\t\t\t<section class=\"elementor-section elementor-top-section elementor-element elementor-element-f9af0ec elementor-section-full_width elementor-section-height-default elementor-section-height-default\" data-id=\"f9af0ec\" data-element_type=\"section\">\n\t\t\t\t\t\t<div class=\"elementor-container elementor-column-gap-no\">\n\t\t\t\t\t<div class=\"elementor-column elementor-col-100 elementor-top-column elementor-element elementor-element-9056c01\" data-id=\"9056c01\" data-element_type=\"column\">\n\t\t\t<div class=\"elementor-widget-wrap elementor-element-populated\">\n\t\t\t\t\t\t<section class=\"elementor-section elementor-inner-section elementor-element elementor-element-dc4bf70 elementor-section-full_width elementor-section-height-default elementor-section-height-default\" data-id=\"dc4bf70\" data-element_type=\"section\">\n\t\t\t\t\t\t<div class=\"elementor-container elementor-column-gap-default\">\n\t\t\t\t\t<div class=\"elementor-column elementor-col-50 elementor-inner-column elementor-element elementor-element-76b750c\" data-id=\"76b750c\" data-element_type=\"column\">\n\t\t\t<div class=\"elementor-widget-wrap elementor-element-populated\">\n\t\t\t\t\t\t<div class=\"elementor-element elementor-element-ee618d6 elementor-widget elementor-widget-image\" data-id=\"ee618d6\" data-element_type=\"widget\" data-widget_type=\"image.default\">\n\t\t\t\t<div class=\"elementor-widget-container\">\n\t\t\t\t\t\t\t\t\t\t\t\t\t\t\t<img loading=\"lazy\" decoding=\"async\" width=\"768\" height=\"576\" src=\"https:\/\/greemap.es\/wp-content\/uploads\/2023\/01\/1-1-768x576.jpg\" class=\"attachment-medium_large size-medium_large wp-image-14856\" alt=\"barra paulownia\" srcset=\"https:\/\/greemap.es\/wp-content\/uploads\/2023\/01\/1-1-768x576.jpg 768w, https:\/\/greemap.es\/wp-content\/uploads\/2023\/01\/1-1-300x225.jpg 300w, https:\/\/greemap.es\/wp-content\/uploads\/2023\/01\/1-1-295x222.jpg 295w, https:\/\/greemap.es\/wp-content\/uploads\/2023\/01\/1-1-418x315.jpg 418w, https:\/\/greemap.es\/wp-content\/uploads\/2023\/01\/1-1.jpg 1000w\" sizes=\"(max-width: 768px) 100vw, 768px\" \/>\t\t\t\t\t\t\t\t\t\t\t\t\t\t\t<\/div>\n\t\t\t\t<\/div>\n\t\t\t\t\t<\/div>\n\t\t<\/div>\n\t\t\t\t<div class=\"elementor-column elementor-col-50 elementor-inner-column elementor-element elementor-element-8f76790\" data-id=\"8f76790\" data-element_type=\"column\">\n\t\t\t<div class=\"elementor-widget-wrap elementor-element-populated\">\n\t\t\t\t\t\t<div class=\"elementor-element elementor-element-5ccda98 elementor-widget elementor-widget-image\" data-id=\"5ccda98\" data-element_type=\"widget\" data-widget_type=\"image.default\">\n\t\t\t\t<div class=\"elementor-widget-container\">\n\t\t\t\t\t\t\t\t\t\t\t\t\t\t\t<img loading=\"lazy\" decoding=\"async\" width=\"768\" height=\"576\" src=\"https:\/\/greemap.es\/wp-content\/uploads\/2023\/01\/banco-alistonado-paulownia-768x576.jpg\" class=\"attachment-medium_large size-medium_large wp-image-14874\" alt=\"banco alistonado paulownia\" srcset=\"https:\/\/greemap.es\/wp-content\/uploads\/2023\/01\/banco-alistonado-paulownia-768x576.jpg 768w, https:\/\/greemap.es\/wp-content\/uploads\/2023\/01\/banco-alistonado-paulownia-300x225.jpg 300w, https:\/\/greemap.es\/wp-content\/uploads\/2023\/01\/banco-alistonado-paulownia-295x222.jpg 295w, https:\/\/greemap.es\/wp-content\/uploads\/2023\/01\/banco-alistonado-paulownia-418x315.jpg 418w, https:\/\/greemap.es\/wp-content\/uploads\/2023\/01\/banco-alistonado-paulownia.jpg 1000w\" sizes=\"(max-width: 768px) 100vw, 768px\" \/>\t\t\t\t\t\t\t\t\t\t\t\t\t\t\t<\/div>\n\t\t\t\t<\/div>\n\t\t\t\t\t<\/div>\n\t\t<\/div>\n\t\t\t\t\t<\/div>\n\t\t<\/section>\n\t\t\t\t\t<\/div>\n\t\t<\/div>\n\t\t\t\t\t<\/div>\n\t\t<\/section>\n\t\t\t\t<section class=\"elementor-section elementor-top-section elementor-element elementor-element-12cd1da elementor-section-full_width elementor-section-height-default elementor-section-height-default\" data-id=\"12cd1da\" data-element_type=\"section\">\n\t\t\t\t\t\t<div class=\"elementor-container elementor-column-gap-no\">\n\t\t\t\t\t<div class=\"elementor-column elementor-col-100 elementor-top-column elementor-element elementor-element-4c0891b\" data-id=\"4c0891b\" data-element_type=\"column\">\n\t\t\t<div class=\"elementor-widget-wrap elementor-element-populated\">\n\t\t\t\t\t\t<section class=\"elementor-section elementor-inner-section elementor-element elementor-element-53a0421 elementor-section-full_width elementor-section-height-default elementor-section-height-default\" data-id=\"53a0421\" data-element_type=\"section\">\n\t\t\t\t\t\t<div class=\"elementor-container elementor-column-gap-default\">\n\t\t\t\t\t<div class=\"elementor-column elementor-col-100 elementor-inner-column elementor-element elementor-element-dd36c98\" data-id=\"dd36c98\" data-element_type=\"column\">\n\t\t\t<div class=\"elementor-widget-wrap elementor-element-populated\">\n\t\t\t\t\t\t<div class=\"elementor-element elementor-element-526619b elementor-widget elementor-widget-image\" data-id=\"526619b\" data-element_type=\"widget\" data-widget_type=\"image.default\">\n\t\t\t\t<div class=\"elementor-widget-container\">\n\t\t\t\t\t\t\t\t\t\t\t\t\t\t\t<img loading=\"lazy\" decoding=\"async\" width=\"768\" height=\"576\" src=\"https:\/\/greemap.es\/wp-content\/uploads\/2023\/01\/5-1-768x576.jpg\" class=\"attachment-medium_large size-medium_large wp-image-14868\" alt=\"detalle paulownia banco\" srcset=\"https:\/\/greemap.es\/wp-content\/uploads\/2023\/01\/5-1-768x576.jpg 768w, https:\/\/greemap.es\/wp-content\/uploads\/2023\/01\/5-1-300x225.jpg 300w, https:\/\/greemap.es\/wp-content\/uploads\/2023\/01\/5-1-295x222.jpg 295w, https:\/\/greemap.es\/wp-content\/uploads\/2023\/01\/5-1-418x315.jpg 418w, https:\/\/greemap.es\/wp-content\/uploads\/2023\/01\/5-1.jpg 1000w\" sizes=\"(max-width: 768px) 100vw, 768px\" \/>\t\t\t\t\t\t\t\t\t\t\t\t\t\t\t<\/div>\n\t\t\t\t<\/div>\n\t\t\t\t\t<\/div>\n\t\t<\/div>\n\t\t\t\t\t<\/div>\n\t\t<\/section>\n\t\t\t\t\t<\/div>\n\t\t<\/div>\n\t\t\t\t\t<\/div>\n\t\t<\/section>\n\t\t\t\t<\/div>\n\t\t","protected":false},"excerpt":{"rendered":"<p>Bureau de Sequra Le nouveau centre de l&rsquo;entreprise SeQura \u00e0 Barcelone cherche \u00e0 encourager la cr\u00e9ativit\u00e9 de ses travailleurs et \u00e0 rompre avec le bureau classique. C&rsquo;est pour cette raison qu&rsquo;ils ont essay\u00e9 de cr\u00e9er dans ce nouvel espace une \u00ab oasis de rencontre \u00bb dans laquelle le paulownia cherche \u00e0 \u00eatre un \u00e9l\u00e9ment diff\u00e9renciateur. &hellip;<\/p>\n","protected":false},"author":3,"featured_media":14861,"parent":0,"menu_order":0,"comment_status":"closed","ping_status":"closed","template":"elementor_header_footer","meta":{"rop_custom_images_group":[],"rop_custom_messages_group":[],"rop_publish_now":"initial","rop_publish_now_accounts":{"facebook_423260185886928_105942780853422":"","twitter_1192717459796701185_1192717459796701185":""},"rop_publish_now_history":[],"rop_publish_now_status":"pending","footnotes":""},"class_list":["post-15979","page","type-page","status-publish","has-post-thumbnail","hentry","has-thumb"],"yoast_head":"<!-- This site is optimized with the Yoast SEO plugin v26.1.1 - https:\/\/yoast.com\/wordpress\/plugins\/seo\/ -->\n<title>Bureau Sequra \u00e0 Barcelone - Greemap - Madera de Paulownia<\/title>\n<meta name=\"robots\" content=\"index, follow, max-snippet:-1, max-image-preview:large, max-video-preview:-1\" \/>\n<link rel=\"canonical\" href=\"https:\/\/greemap.es\/fr\/bureau-sequra-a-barcelone\/\" \/>\n<meta property=\"og:locale\" content=\"fr_FR\" \/>\n<meta property=\"og:type\" content=\"article\" \/>\n<meta property=\"og:title\" content=\"Bureau Sequra \u00e0 Barcelone - Greemap - Madera de Paulownia\" \/>\n<meta property=\"og:description\" content=\"Bureau de Sequra Le nouveau centre de l&#039;entreprise SeQura \u00e0 Barcelone cherche \u00e0 encourager la cr\u00e9ativit\u00e9 de ses travailleurs et \u00e0 rompre avec le bureau classique. C&#039;est pour cette raison qu&#039;ils ont essay\u00e9 de cr\u00e9er dans ce nouvel espace une \u00ab oasis de rencontre \u00bb dans laquelle le paulownia cherche \u00e0 \u00eatre un \u00e9l\u00e9ment diff\u00e9renciateur. &hellip;\" \/>\n<meta property=\"og:url\" content=\"https:\/\/greemap.es\/fr\/bureau-sequra-a-barcelone\/\" \/>\n<meta property=\"og:site_name\" content=\"Greemap - Madera de Paulownia\" \/>\n<meta property=\"article:publisher\" content=\"https:\/\/www.facebook.com\/pg\/Greemap-105942780853422\/about\/\" \/>\n<meta property=\"article:modified_time\" content=\"2024-09-16T21:58:44+00:00\" \/>\n<meta property=\"og:image\" content=\"https:\/\/greemap.es\/wp-content\/uploads\/2023\/01\/2-1.jpg\" \/>\n\t<meta property=\"og:image:width\" content=\"1080\" \/>\n\t<meta property=\"og:image:height\" content=\"700\" \/>\n\t<meta property=\"og:image:type\" content=\"image\/jpeg\" \/>\n<meta name=\"twitter:card\" content=\"summary_large_image\" \/>\n<meta name=\"twitter:site\" content=\"@greemap_es\" \/>\n<meta name=\"twitter:label1\" content=\"Dur\u00e9e de lecture estim\u00e9e\" \/>\n\t<meta name=\"twitter:data1\" content=\"2 minutes\" \/>\n<script type=\"application\/ld+json\" class=\"yoast-schema-graph\">{\"@context\":\"https:\/\/schema.org\",\"@graph\":[{\"@type\":\"WebPage\",\"@id\":\"https:\/\/greemap.es\/fr\/bureau-sequra-a-barcelone\/\",\"url\":\"https:\/\/greemap.es\/fr\/bureau-sequra-a-barcelone\/\",\"name\":\"Bureau Sequra \u00e0 Barcelone - Greemap - Madera de Paulownia\",\"isPartOf\":{\"@id\":\"https:\/\/greemap.es\/#website\"},\"primaryImageOfPage\":{\"@id\":\"https:\/\/greemap.es\/fr\/bureau-sequra-a-barcelone\/#primaryimage\"},\"image\":{\"@id\":\"https:\/\/greemap.es\/fr\/bureau-sequra-a-barcelone\/#primaryimage\"},\"thumbnailUrl\":\"https:\/\/greemap.es\/wp-content\/uploads\/2023\/01\/2-1.jpg\",\"datePublished\":\"2024-01-12T11:03:56+00:00\",\"dateModified\":\"2024-09-16T21:58:44+00:00\",\"breadcrumb\":{\"@id\":\"https:\/\/greemap.es\/fr\/bureau-sequra-a-barcelone\/#breadcrumb\"},\"inLanguage\":\"fr-FR\",\"potentialAction\":[{\"@type\":\"ReadAction\",\"target\":[\"https:\/\/greemap.es\/fr\/bureau-sequra-a-barcelone\/\"]}]},{\"@type\":\"ImageObject\",\"inLanguage\":\"fr-FR\",\"@id\":\"https:\/\/greemap.es\/fr\/bureau-sequra-a-barcelone\/#primaryimage\",\"url\":\"https:\/\/greemap.es\/wp-content\/uploads\/2023\/01\/2-1.jpg\",\"contentUrl\":\"https:\/\/greemap.es\/wp-content\/uploads\/2023\/01\/2-1.jpg\",\"width\":1080,\"height\":700,\"caption\":\"Oficina Sequra\"},{\"@type\":\"BreadcrumbList\",\"@id\":\"https:\/\/greemap.es\/fr\/bureau-sequra-a-barcelone\/#breadcrumb\",\"itemListElement\":[{\"@type\":\"ListItem\",\"position\":1,\"name\":\"Portada\",\"item\":\"https:\/\/greemap.es\/fr\/\"},{\"@type\":\"ListItem\",\"position\":2,\"name\":\"Bureau Sequra \u00e0 Barcelone\"}]},{\"@type\":\"WebSite\",\"@id\":\"https:\/\/greemap.es\/#website\",\"url\":\"https:\/\/greemap.es\/\",\"name\":\"Greemap - Madera de Paulownia\",\"description\":\"wood is our soul\",\"publisher\":{\"@id\":\"https:\/\/greemap.es\/#organization\"},\"potentialAction\":[{\"@type\":\"SearchAction\",\"target\":{\"@type\":\"EntryPoint\",\"urlTemplate\":\"https:\/\/greemap.es\/?s={search_term_string}\"},\"query-input\":{\"@type\":\"PropertyValueSpecification\",\"valueRequired\":true,\"valueName\":\"search_term_string\"}}],\"inLanguage\":\"fr-FR\"},{\"@type\":\"Organization\",\"@id\":\"https:\/\/greemap.es\/#organization\",\"name\":\"Greemap\",\"url\":\"https:\/\/greemap.es\/\",\"logo\":{\"@type\":\"ImageObject\",\"inLanguage\":\"fr-FR\",\"@id\":\"https:\/\/greemap.es\/#\/schema\/logo\/image\/\",\"url\":\"https:\/\/greemap.es\/wp-content\/uploads\/2019\/08\/greemap-logo-282.png\",\"contentUrl\":\"https:\/\/greemap.es\/wp-content\/uploads\/2019\/08\/greemap-logo-282.png\",\"width\":1920,\"height\":282,\"caption\":\"Greemap\"},\"image\":{\"@id\":\"https:\/\/greemap.es\/#\/schema\/logo\/image\/\"},\"sameAs\":[\"https:\/\/www.facebook.com\/pg\/Greemap-105942780853422\/about\/\",\"https:\/\/x.com\/greemap_es\",\"https:\/\/www.instagram.com\/greemap_es\/\"]}]}<\/script>\n<!-- \/ Yoast SEO plugin. -->","yoast_head_json":{"title":"Bureau Sequra \u00e0 Barcelone - Greemap - Madera de Paulownia","robots":{"index":"index","follow":"follow","max-snippet":"max-snippet:-1","max-image-preview":"max-image-preview:large","max-video-preview":"max-video-preview:-1"},"canonical":"https:\/\/greemap.es\/fr\/bureau-sequra-a-barcelone\/","og_locale":"fr_FR","og_type":"article","og_title":"Bureau Sequra \u00e0 Barcelone - Greemap - Madera de Paulownia","og_description":"Bureau de Sequra Le nouveau centre de l'entreprise SeQura \u00e0 Barcelone cherche \u00e0 encourager la cr\u00e9ativit\u00e9 de ses travailleurs et \u00e0 rompre avec le bureau classique. C'est pour cette raison qu'ils ont essay\u00e9 de cr\u00e9er dans ce nouvel espace une \u00ab oasis de rencontre \u00bb dans laquelle le paulownia cherche \u00e0 \u00eatre un \u00e9l\u00e9ment diff\u00e9renciateur. &hellip;","og_url":"https:\/\/greemap.es\/fr\/bureau-sequra-a-barcelone\/","og_site_name":"Greemap - Madera de Paulownia","article_publisher":"https:\/\/www.facebook.com\/pg\/Greemap-105942780853422\/about\/","article_modified_time":"2024-09-16T21:58:44+00:00","og_image":[{"width":1080,"height":700,"url":"https:\/\/greemap.es\/wp-content\/uploads\/2023\/01\/2-1.jpg","type":"image\/jpeg"}],"twitter_card":"summary_large_image","twitter_site":"@greemap_es","twitter_misc":{"Dur\u00e9e de lecture estim\u00e9e":"2 minutes"},"schema":{"@context":"https:\/\/schema.org","@graph":[{"@type":"WebPage","@id":"https:\/\/greemap.es\/fr\/bureau-sequra-a-barcelone\/","url":"https:\/\/greemap.es\/fr\/bureau-sequra-a-barcelone\/","name":"Bureau Sequra \u00e0 Barcelone - Greemap - Madera de Paulownia","isPartOf":{"@id":"https:\/\/greemap.es\/#website"},"primaryImageOfPage":{"@id":"https:\/\/greemap.es\/fr\/bureau-sequra-a-barcelone\/#primaryimage"},"image":{"@id":"https:\/\/greemap.es\/fr\/bureau-sequra-a-barcelone\/#primaryimage"},"thumbnailUrl":"https:\/\/greemap.es\/wp-content\/uploads\/2023\/01\/2-1.jpg","datePublished":"2024-01-12T11:03:56+00:00","dateModified":"2024-09-16T21:58:44+00:00","breadcrumb":{"@id":"https:\/\/greemap.es\/fr\/bureau-sequra-a-barcelone\/#breadcrumb"},"inLanguage":"fr-FR","potentialAction":[{"@type":"ReadAction","target":["https:\/\/greemap.es\/fr\/bureau-sequra-a-barcelone\/"]}]},{"@type":"ImageObject","inLanguage":"fr-FR","@id":"https:\/\/greemap.es\/fr\/bureau-sequra-a-barcelone\/#primaryimage","url":"https:\/\/greemap.es\/wp-content\/uploads\/2023\/01\/2-1.jpg","contentUrl":"https:\/\/greemap.es\/wp-content\/uploads\/2023\/01\/2-1.jpg","width":1080,"height":700,"caption":"Oficina Sequra"},{"@type":"BreadcrumbList","@id":"https:\/\/greemap.es\/fr\/bureau-sequra-a-barcelone\/#breadcrumb","itemListElement":[{"@type":"ListItem","position":1,"name":"Portada","item":"https:\/\/greemap.es\/fr\/"},{"@type":"ListItem","position":2,"name":"Bureau Sequra \u00e0 Barcelone"}]},{"@type":"WebSite","@id":"https:\/\/greemap.es\/#website","url":"https:\/\/greemap.es\/","name":"Greemap - Madera de Paulownia","description":"wood is our soul","publisher":{"@id":"https:\/\/greemap.es\/#organization"},"potentialAction":[{"@type":"SearchAction","target":{"@type":"EntryPoint","urlTemplate":"https:\/\/greemap.es\/?s={search_term_string}"},"query-input":{"@type":"PropertyValueSpecification","valueRequired":true,"valueName":"search_term_string"}}],"inLanguage":"fr-FR"},{"@type":"Organization","@id":"https:\/\/greemap.es\/#organization","name":"Greemap","url":"https:\/\/greemap.es\/","logo":{"@type":"ImageObject","inLanguage":"fr-FR","@id":"https:\/\/greemap.es\/#\/schema\/logo\/image\/","url":"https:\/\/greemap.es\/wp-content\/uploads\/2019\/08\/greemap-logo-282.png","contentUrl":"https:\/\/greemap.es\/wp-content\/uploads\/2019\/08\/greemap-logo-282.png","width":1920,"height":282,"caption":"Greemap"},"image":{"@id":"https:\/\/greemap.es\/#\/schema\/logo\/image\/"},"sameAs":["https:\/\/www.facebook.com\/pg\/Greemap-105942780853422\/about\/","https:\/\/x.com\/greemap_es","https:\/\/www.instagram.com\/greemap_es\/"]}]}},"_links":{"self":[{"href":"https:\/\/greemap.es\/fr\/wp-json\/wp\/v2\/pages\/15979","targetHints":{"allow":["GET"]}}],"collection":[{"href":"https:\/\/greemap.es\/fr\/wp-json\/wp\/v2\/pages"}],"about":[{"href":"https:\/\/greemap.es\/fr\/wp-json\/wp\/v2\/types\/page"}],"author":[{"embeddable":true,"href":"https:\/\/greemap.es\/fr\/wp-json\/wp\/v2\/users\/3"}],"replies":[{"embeddable":true,"href":"https:\/\/greemap.es\/fr\/wp-json\/wp\/v2\/comments?post=15979"}],"version-history":[{"count":4,"href":"https:\/\/greemap.es\/fr\/wp-json\/wp\/v2\/pages\/15979\/revisions"}],"predecessor-version":[{"id":16955,"href":"https:\/\/greemap.es\/fr\/wp-json\/wp\/v2\/pages\/15979\/revisions\/16955"}],"wp:featuredmedia":[{"embeddable":true,"href":"https:\/\/greemap.es\/fr\/wp-json\/wp\/v2\/media\/14861"}],"wp:attachment":[{"href":"https:\/\/greemap.es\/fr\/wp-json\/wp\/v2\/media?parent=15979"}],"curies":[{"name":"wp","href":"https:\/\/api.w.org\/{rel}","templated":true}]}}