{"id":15977,"date":"2024-01-12T11:02:08","date_gmt":"2024-01-12T11:02:08","guid":{"rendered":"https:\/\/greemap.es\/la-grana-al-engros\/"},"modified":"2024-09-16T22:07:57","modified_gmt":"2024-09-16T22:07:57","slug":"la-grana-al-engros","status":"publish","type":"page","link":"https:\/\/greemap.es\/fr\/la-grana-al-engros\/","title":{"rendered":"LA GRANA AL ENGR\u00d2S"},"content":{"rendered":"\t\t<div data-elementor-type=\"wp-page\" data-elementor-id=\"15977\" class=\"elementor elementor-15977 elementor-14684\" data-elementor-post-type=\"page\">\n\t\t\t\t\t\t<section class=\"elementor-section elementor-top-section elementor-element elementor-element-e9bc394 elementor-section-boxed elementor-section-height-default elementor-section-height-default\" data-id=\"e9bc394\" data-element_type=\"section\">\n\t\t\t\t\t\t<div class=\"elementor-container elementor-column-gap-no\">\n\t\t\t\t\t<div class=\"elementor-column elementor-col-100 elementor-top-column elementor-element elementor-element-c189817\" data-id=\"c189817\" data-element_type=\"column\">\n\t\t\t<div class=\"elementor-widget-wrap elementor-element-populated\">\n\t\t\t\t\t\t<div class=\"elementor-element elementor-element-6abfe7e elementor-widget elementor-widget-heading\" data-id=\"6abfe7e\" data-element_type=\"widget\" data-widget_type=\"heading.default\">\n\t\t\t\t<div class=\"elementor-widget-container\">\n\t\t\t\t\t<h1 class=\"elementor-heading-title elementor-size-default\">EL QUE EM D\u00d3NA LA GRANA<\/h1>\t\t\t\t<\/div>\n\t\t\t\t<\/div>\n\t\t\t\t\t<\/div>\n\t\t<\/div>\n\t\t\t\t\t<\/div>\n\t\t<\/section>\n\t\t\t\t<section class=\"elementor-section elementor-top-section elementor-element elementor-element-b6b1212 elementor-section-boxed elementor-section-height-default elementor-section-height-default\" data-id=\"b6b1212\" data-element_type=\"section\" data-settings=\"{&quot;background_background&quot;:&quot;classic&quot;}\">\n\t\t\t\t\t\t<div class=\"elementor-container elementor-column-gap-default\">\n\t\t\t\t\t<div class=\"elementor-column elementor-col-50 elementor-top-column elementor-element elementor-element-1ccba7b\" data-id=\"1ccba7b\" data-element_type=\"column\" data-settings=\"{&quot;background_background&quot;:&quot;classic&quot;}\">\n\t\t\t<div class=\"elementor-widget-wrap elementor-element-populated\">\n\t\t\t\t\t<div class=\"elementor-background-overlay\"><\/div>\n\t\t\t\t\t\t<div class=\"elementor-element elementor-element-a47e7bc elementor-widget-divider--view-line elementor-widget elementor-widget-divider\" data-id=\"a47e7bc\" data-element_type=\"widget\" data-widget_type=\"divider.default\">\n\t\t\t\t<div class=\"elementor-widget-container\">\n\t\t\t\t\t\t\t<div class=\"elementor-divider\">\n\t\t\t<span class=\"elementor-divider-separator\">\n\t\t\t\t\t\t<\/span>\n\t\t<\/div>\n\t\t\t\t\t\t<\/div>\n\t\t\t\t<\/div>\n\t\t\t\t<div class=\"elementor-element elementor-element-e2a7cfa elementor-widget elementor-widget-text-editor\" data-id=\"e2a7cfa\" data-element_type=\"widget\" data-widget_type=\"text-editor.default\">\n\t\t\t\t<div class=\"elementor-widget-container\">\n\t\t\t\t\t\t\t\t\t<p>Au c\u0153ur de l&rsquo;Escala (G\u00e9rone), un magasin de produits en vrac, biologiques et locaux a attir\u00e9 l&rsquo;attention des amateurs d&rsquo;architecture et de design gr\u00e2ce \u00e0 un projet global dans lequel le bois de paulownia a \u00e9t\u00e9 le grand protagoniste. Con\u00e7u par l&rsquo;architecte d&rsquo;int\u00e9rieur Miquel Moya, le magasin allie la chaleur et l&rsquo;\u00e9l\u00e9gance naturelle du bois avec le fer et un \u00e9clairage strat\u00e9gique pour cr\u00e9er un espace confortable et visuellement attrayant.<\/p>\n<p>Il a \u00e9t\u00e9 d\u00e9cid\u00e9 d\u2019utiliser deux teintes diff\u00e9rentes pour s\u00e9parer visuellement l\u2019espace. Une zone sombre qui contrastait avec le bois de paulownia, et une autre zone plus claire qui \u00e9claircirait l&rsquo;espace. Et pour r\u00e9aliser cette s\u00e9paration, une structure de lattes de paulownia solides entrelac\u00e9es les unes aux autres a \u00e9t\u00e9 utilis\u00e9e.<\/p>\n<p>Bref, ce magasin est un parfait exemple de la fa\u00e7on dont le bois de paulownia peut \u00eatre un mat\u00e9riau polyvalent et \u00e9l\u00e9gant pour cr\u00e9er des espaces uniques.<\/p>\t\t\t\t\t\t\t\t<\/div>\n\t\t\t\t<\/div>\n\t\t\t\t<div class=\"elementor-element elementor-element-bfa2bcd elementor-widget-divider--view-line elementor-widget elementor-widget-divider\" data-id=\"bfa2bcd\" data-element_type=\"widget\" data-widget_type=\"divider.default\">\n\t\t\t\t<div class=\"elementor-widget-container\">\n\t\t\t\t\t\t\t<div class=\"elementor-divider\">\n\t\t\t<span class=\"elementor-divider-separator\">\n\t\t\t\t\t\t<\/span>\n\t\t<\/div>\n\t\t\t\t\t\t<\/div>\n\t\t\t\t<\/div>\n\t\t\t\t<div class=\"elementor-element elementor-element-f958eeb elementor-widget elementor-widget-image\" data-id=\"f958eeb\" data-element_type=\"widget\" data-widget_type=\"image.default\">\n\t\t\t\t<div class=\"elementor-widget-container\">\n\t\t\t\t\t\t\t\t\t\t\t\t\t\t\t\t<a href=\"https:\/\/greemap.es\/fabricant-de-lattes\/?lang=fr\">\n\t\t\t\t\t\t\t<img fetchpriority=\"high\" decoding=\"async\" width=\"300\" height=\"200\" src=\"https:\/\/greemap.es\/wp-content\/uploads\/2023\/03\/Liston-laminado-Paulownia-300x200.jpg\" class=\"attachment-medium size-medium wp-image-15192\" alt=\"Liston laminado Paulownia\" srcset=\"https:\/\/greemap.es\/wp-content\/uploads\/2023\/03\/Liston-laminado-Paulownia-300x200.jpg 300w, https:\/\/greemap.es\/wp-content\/uploads\/2023\/03\/Liston-laminado-Paulownia-768x512.jpg 768w, https:\/\/greemap.es\/wp-content\/uploads\/2023\/03\/Liston-laminado-Paulownia.jpg 938w\" sizes=\"(max-width: 300px) 100vw, 300px\" \/>\t\t\t\t\t\t\t\t<\/a>\n\t\t\t\t\t\t\t\t\t\t\t\t\t\t\t<\/div>\n\t\t\t\t<\/div>\n\t\t\t\t\t<\/div>\n\t\t<\/div>\n\t\t\t\t<div class=\"elementor-column elementor-col-50 elementor-top-column elementor-element elementor-element-418ce85\" data-id=\"418ce85\" data-element_type=\"column\">\n\t\t\t<div class=\"elementor-widget-wrap elementor-element-populated\">\n\t\t\t\t\t\t<div class=\"elementor-element elementor-element-1d4ed44 elementor-widget elementor-widget-image\" data-id=\"1d4ed44\" data-element_type=\"widget\" data-widget_type=\"image.default\">\n\t\t\t\t<div class=\"elementor-widget-container\">\n\t\t\t\t\t\t\t\t\t\t\t\t\t\t\t<img decoding=\"async\" width=\"803\" height=\"1024\" src=\"https:\/\/greemap.es\/wp-content\/uploads\/2022\/12\/140421MerceGostPhoto2988-e1672314856235-803x1024.jpg\" class=\"attachment-large size-large wp-image-14680\" alt=\"inspiracion madera liston\" srcset=\"https:\/\/greemap.es\/wp-content\/uploads\/2022\/12\/140421MerceGostPhoto2988-e1672314856235-803x1024.jpg 803w, https:\/\/greemap.es\/wp-content\/uploads\/2022\/12\/140421MerceGostPhoto2988-e1672314856235-235x300.jpg 235w, https:\/\/greemap.es\/wp-content\/uploads\/2022\/12\/140421MerceGostPhoto2988-e1672314856235-768x979.jpg 768w, https:\/\/greemap.es\/wp-content\/uploads\/2022\/12\/140421MerceGostPhoto2988-e1672314856235-1205x1536.jpg 1205w, https:\/\/greemap.es\/wp-content\/uploads\/2022\/12\/140421MerceGostPhoto2988-e1672314856235.jpg 1376w\" sizes=\"(max-width: 803px) 100vw, 803px\" \/>\t\t\t\t\t\t\t\t\t\t\t\t\t\t\t<\/div>\n\t\t\t\t<\/div>\n\t\t\t\t\t<\/div>\n\t\t<\/div>\n\t\t\t\t\t<\/div>\n\t\t<\/section>\n\t\t\t\t<section class=\"elementor-section elementor-top-section elementor-element elementor-element-b63c8cb elementor-reverse-mobile elementor-section-boxed elementor-section-height-default elementor-section-height-default\" data-id=\"b63c8cb\" data-element_type=\"section\" data-settings=\"{&quot;background_background&quot;:&quot;classic&quot;}\">\n\t\t\t\t\t\t<div class=\"elementor-container elementor-column-gap-no\">\n\t\t\t\t\t<div class=\"elementor-column elementor-col-100 elementor-top-column elementor-element elementor-element-a6e490e\" data-id=\"a6e490e\" data-element_type=\"column\">\n\t\t\t<div class=\"elementor-widget-wrap elementor-element-populated\">\n\t\t\t\t\t\t<div class=\"elementor-element elementor-element-1cfdc10 elementor-widget elementor-widget-image\" data-id=\"1cfdc10\" data-element_type=\"widget\" data-widget_type=\"image.default\">\n\t\t\t\t<div class=\"elementor-widget-container\">\n\t\t\t\t\t\t\t\t\t\t\t\t\t\t\t<img decoding=\"async\" width=\"885\" height=\"590\" src=\"https:\/\/greemap.es\/wp-content\/uploads\/2022\/12\/fabricante-de-liston-1024x683.jpg\" class=\"attachment-large size-large wp-image-14677\" alt=\"tienda liston\" srcset=\"https:\/\/greemap.es\/wp-content\/uploads\/2022\/12\/fabricante-de-liston-1024x683.jpg 1024w, https:\/\/greemap.es\/wp-content\/uploads\/2022\/12\/fabricante-de-liston-300x200.jpg 300w, https:\/\/greemap.es\/wp-content\/uploads\/2022\/12\/fabricante-de-liston-768x512.jpg 768w, https:\/\/greemap.es\/wp-content\/uploads\/2022\/12\/fabricante-de-liston-1536x1024.jpg 1536w, https:\/\/greemap.es\/wp-content\/uploads\/2022\/12\/fabricante-de-liston-2048x1365.jpg 2048w\" sizes=\"(max-width: 885px) 100vw, 885px\" \/>\t\t\t\t\t\t\t\t\t\t\t\t\t\t\t<\/div>\n\t\t\t\t<\/div>\n\t\t\t\t\t<\/div>\n\t\t<\/div>\n\t\t\t\t\t<\/div>\n\t\t<\/section>\n\t\t\t\t<section class=\"elementor-section elementor-top-section elementor-element elementor-element-f9af0ec elementor-section-full_width elementor-section-height-default elementor-section-height-default\" data-id=\"f9af0ec\" data-element_type=\"section\">\n\t\t\t\t\t\t<div class=\"elementor-container elementor-column-gap-no\">\n\t\t\t\t\t<div class=\"elementor-column elementor-col-100 elementor-top-column elementor-element elementor-element-9056c01\" data-id=\"9056c01\" data-element_type=\"column\">\n\t\t\t<div class=\"elementor-widget-wrap elementor-element-populated\">\n\t\t\t\t\t\t<section class=\"elementor-section elementor-inner-section elementor-element elementor-element-dc4bf70 elementor-section-full_width elementor-section-height-default elementor-section-height-default\" data-id=\"dc4bf70\" data-element_type=\"section\">\n\t\t\t\t\t\t<div class=\"elementor-container elementor-column-gap-default\">\n\t\t\t\t\t<div class=\"elementor-column elementor-col-50 elementor-inner-column elementor-element elementor-element-76b750c\" data-id=\"76b750c\" data-element_type=\"column\">\n\t\t\t<div class=\"elementor-widget-wrap elementor-element-populated\">\n\t\t\t\t\t\t<div class=\"elementor-element elementor-element-ee618d6 elementor-widget elementor-widget-image\" data-id=\"ee618d6\" data-element_type=\"widget\" data-widget_type=\"image.default\">\n\t\t\t\t<div class=\"elementor-widget-container\">\n\t\t\t\t\t\t\t\t\t\t\t\t\t\t\t<img loading=\"lazy\" decoding=\"async\" width=\"768\" height=\"512\" src=\"https:\/\/greemap.es\/wp-content\/uploads\/2022\/12\/140421MerceGostPhoto2943p-768x512.jpg\" class=\"attachment-medium_large size-medium_large wp-image-14685\" alt=\"\" srcset=\"https:\/\/greemap.es\/wp-content\/uploads\/2022\/12\/140421MerceGostPhoto2943p-768x512.jpg 768w, https:\/\/greemap.es\/wp-content\/uploads\/2022\/12\/140421MerceGostPhoto2943p-300x200.jpg 300w, https:\/\/greemap.es\/wp-content\/uploads\/2022\/12\/140421MerceGostPhoto2943p-1024x683.jpg 1024w, https:\/\/greemap.es\/wp-content\/uploads\/2022\/12\/140421MerceGostPhoto2943p-1536x1025.jpg 1536w, https:\/\/greemap.es\/wp-content\/uploads\/2022\/12\/140421MerceGostPhoto2943p.jpg 1886w\" sizes=\"(max-width: 768px) 100vw, 768px\" \/>\t\t\t\t\t\t\t\t\t\t\t\t\t\t\t<\/div>\n\t\t\t\t<\/div>\n\t\t\t\t\t<\/div>\n\t\t<\/div>\n\t\t\t\t<div class=\"elementor-column elementor-col-50 elementor-inner-column elementor-element elementor-element-8f76790\" data-id=\"8f76790\" data-element_type=\"column\">\n\t\t\t<div class=\"elementor-widget-wrap elementor-element-populated\">\n\t\t\t\t\t\t<div class=\"elementor-element elementor-element-5ccda98 elementor-widget elementor-widget-image\" data-id=\"5ccda98\" data-element_type=\"widget\" data-widget_type=\"image.default\">\n\t\t\t\t<div class=\"elementor-widget-container\">\n\t\t\t\t\t\t\t\t\t\t\t\t\t\t\t<img loading=\"lazy\" decoding=\"async\" width=\"768\" height=\"512\" src=\"https:\/\/greemap.es\/wp-content\/uploads\/2022\/12\/140421MerceGostPhoto2940p-768x512.jpg\" class=\"attachment-medium_large size-medium_large wp-image-14688\" alt=\"\" srcset=\"https:\/\/greemap.es\/wp-content\/uploads\/2022\/12\/140421MerceGostPhoto2940p-768x512.jpg 768w, https:\/\/greemap.es\/wp-content\/uploads\/2022\/12\/140421MerceGostPhoto2940p-300x200.jpg 300w, https:\/\/greemap.es\/wp-content\/uploads\/2022\/12\/140421MerceGostPhoto2940p-1024x683.jpg 1024w, https:\/\/greemap.es\/wp-content\/uploads\/2022\/12\/140421MerceGostPhoto2940p-1536x1024.jpg 1536w, https:\/\/greemap.es\/wp-content\/uploads\/2022\/12\/140421MerceGostPhoto2940p-2048x1365.jpg 2048w\" sizes=\"(max-width: 768px) 100vw, 768px\" \/>\t\t\t\t\t\t\t\t\t\t\t\t\t\t\t<\/div>\n\t\t\t\t<\/div>\n\t\t\t\t\t<\/div>\n\t\t<\/div>\n\t\t\t\t\t<\/div>\n\t\t<\/section>\n\t\t\t\t\t<\/div>\n\t\t<\/div>\n\t\t\t\t\t<\/div>\n\t\t<\/section>\n\t\t\t\t<section class=\"elementor-section elementor-top-section elementor-element elementor-element-12cd1da elementor-section-full_width elementor-section-height-default elementor-section-height-default\" data-id=\"12cd1da\" data-element_type=\"section\">\n\t\t\t\t\t\t<div class=\"elementor-container elementor-column-gap-no\">\n\t\t\t\t\t<div class=\"elementor-column elementor-col-100 elementor-top-column elementor-element elementor-element-4c0891b\" data-id=\"4c0891b\" data-element_type=\"column\">\n\t\t\t<div class=\"elementor-widget-wrap elementor-element-populated\">\n\t\t\t\t\t\t<section class=\"elementor-section elementor-inner-section elementor-element elementor-element-53a0421 elementor-section-full_width elementor-section-height-default elementor-section-height-default\" data-id=\"53a0421\" data-element_type=\"section\">\n\t\t\t\t\t\t<div class=\"elementor-container elementor-column-gap-default\">\n\t\t\t\t\t<div class=\"elementor-column elementor-col-50 elementor-inner-column elementor-element elementor-element-dd36c98\" data-id=\"dd36c98\" data-element_type=\"column\">\n\t\t\t<div class=\"elementor-widget-wrap elementor-element-populated\">\n\t\t\t\t\t\t<div class=\"elementor-element elementor-element-526619b elementor-widget elementor-widget-image\" data-id=\"526619b\" data-element_type=\"widget\" data-widget_type=\"image.default\">\n\t\t\t\t<div class=\"elementor-widget-container\">\n\t\t\t\t\t\t\t\t\t\t\t\t\t\t\t<img loading=\"lazy\" decoding=\"async\" width=\"768\" height=\"512\" src=\"https:\/\/greemap.es\/wp-content\/uploads\/2022\/12\/140421MerceGostPhoto3060-768x512.jpg\" class=\"attachment-medium_large size-medium_large wp-image-14698\" alt=\"\" srcset=\"https:\/\/greemap.es\/wp-content\/uploads\/2022\/12\/140421MerceGostPhoto3060-768x512.jpg 768w, https:\/\/greemap.es\/wp-content\/uploads\/2022\/12\/140421MerceGostPhoto3060-300x200.jpg 300w, https:\/\/greemap.es\/wp-content\/uploads\/2022\/12\/140421MerceGostPhoto3060-1024x683.jpg 1024w, https:\/\/greemap.es\/wp-content\/uploads\/2022\/12\/140421MerceGostPhoto3060-1536x1024.jpg 1536w, https:\/\/greemap.es\/wp-content\/uploads\/2022\/12\/140421MerceGostPhoto3060-2048x1365.jpg 2048w\" sizes=\"(max-width: 768px) 100vw, 768px\" \/>\t\t\t\t\t\t\t\t\t\t\t\t\t\t\t<\/div>\n\t\t\t\t<\/div>\n\t\t\t\t\t<\/div>\n\t\t<\/div>\n\t\t\t\t<div class=\"elementor-column elementor-col-50 elementor-inner-column elementor-element elementor-element-88c2f40\" data-id=\"88c2f40\" data-element_type=\"column\">\n\t\t\t<div class=\"elementor-widget-wrap elementor-element-populated\">\n\t\t\t\t\t\t<div class=\"elementor-element elementor-element-4531193 elementor-widget elementor-widget-image\" data-id=\"4531193\" data-element_type=\"widget\" data-widget_type=\"image.default\">\n\t\t\t\t<div class=\"elementor-widget-container\">\n\t\t\t\t\t\t\t\t\t\t\t\t\t\t\t<img loading=\"lazy\" decoding=\"async\" width=\"768\" height=\"512\" src=\"https:\/\/greemap.es\/wp-content\/uploads\/2022\/12\/140421MerceGostPhoto2961p-768x512.jpg\" class=\"attachment-medium_large size-medium_large wp-image-14701\" alt=\"\" srcset=\"https:\/\/greemap.es\/wp-content\/uploads\/2022\/12\/140421MerceGostPhoto2961p-768x512.jpg 768w, https:\/\/greemap.es\/wp-content\/uploads\/2022\/12\/140421MerceGostPhoto2961p-300x200.jpg 300w, https:\/\/greemap.es\/wp-content\/uploads\/2022\/12\/140421MerceGostPhoto2961p-1024x683.jpg 1024w, https:\/\/greemap.es\/wp-content\/uploads\/2022\/12\/140421MerceGostPhoto2961p-1536x1024.jpg 1536w, https:\/\/greemap.es\/wp-content\/uploads\/2022\/12\/140421MerceGostPhoto2961p-2048x1365.jpg 2048w\" sizes=\"(max-width: 768px) 100vw, 768px\" \/>\t\t\t\t\t\t\t\t\t\t\t\t\t\t\t<\/div>\n\t\t\t\t<\/div>\n\t\t\t\t\t<\/div>\n\t\t<\/div>\n\t\t\t\t\t<\/div>\n\t\t<\/section>\n\t\t\t\t\t<\/div>\n\t\t<\/div>\n\t\t\t\t\t<\/div>\n\t\t<\/section>\n\t\t\t\t<\/div>\n\t\t","protected":false},"excerpt":{"rendered":"<p>EL QUE EM D\u00d3NA LA GRANA Au c\u0153ur de l&rsquo;Escala (G\u00e9rone), un magasin de produits en vrac, biologiques et locaux a attir\u00e9 l&rsquo;attention des amateurs d&rsquo;architecture et de design gr\u00e2ce \u00e0 un projet global dans lequel le bois de paulownia a \u00e9t\u00e9 le grand protagoniste. Con\u00e7u par l&rsquo;architecte d&rsquo;int\u00e9rieur Miquel Moya, le magasin allie la &hellip;<\/p>\n","protected":false},"author":3,"featured_media":0,"parent":0,"menu_order":0,"comment_status":"closed","ping_status":"closed","template":"elementor_header_footer","meta":{"rop_custom_images_group":[],"rop_custom_messages_group":[],"rop_publish_now":"initial","rop_publish_now_accounts":{"facebook_423260185886928_105942780853422":"","twitter_1192717459796701185_1192717459796701185":""},"rop_publish_now_history":[],"rop_publish_now_status":"pending","footnotes":""},"class_list":["post-15977","page","type-page","status-publish","hentry","no-thumb"],"yoast_head":"<!-- This site is optimized with the Yoast SEO plugin v26.1.1 - https:\/\/yoast.com\/wordpress\/plugins\/seo\/ -->\n<title>LA GRANA AL ENGR\u00d2S - Greemap - Madera de Paulownia<\/title>\n<meta name=\"robots\" content=\"index, follow, max-snippet:-1, max-image-preview:large, max-video-preview:-1\" \/>\n<link rel=\"canonical\" href=\"https:\/\/greemap.es\/fr\/la-grana-al-engros\/\" \/>\n<meta property=\"og:locale\" content=\"fr_FR\" \/>\n<meta property=\"og:type\" content=\"article\" \/>\n<meta property=\"og:title\" content=\"LA GRANA AL ENGR\u00d2S - Greemap - Madera de Paulownia\" \/>\n<meta property=\"og:description\" content=\"EL QUE EM D\u00d3NA LA GRANA Au c\u0153ur de l&#039;Escala (G\u00e9rone), un magasin de produits en vrac, biologiques et locaux a attir\u00e9 l&#039;attention des amateurs d&#039;architecture et de design gr\u00e2ce \u00e0 un projet global dans lequel le bois de paulownia a \u00e9t\u00e9 le grand protagoniste. Con\u00e7u par l&#039;architecte d&#039;int\u00e9rieur Miquel Moya, le magasin allie la &hellip;\" \/>\n<meta property=\"og:url\" content=\"https:\/\/greemap.es\/fr\/la-grana-al-engros\/\" \/>\n<meta property=\"og:site_name\" content=\"Greemap - Madera de Paulownia\" \/>\n<meta property=\"article:publisher\" content=\"https:\/\/www.facebook.com\/pg\/Greemap-105942780853422\/about\/\" \/>\n<meta property=\"article:modified_time\" content=\"2024-09-16T22:07:57+00:00\" \/>\n<meta property=\"og:image\" content=\"https:\/\/greemap.es\/wp-content\/uploads\/2023\/03\/Liston-laminado-Paulownia-300x200.jpg\" \/>\n<meta name=\"twitter:card\" content=\"summary_large_image\" \/>\n<meta name=\"twitter:site\" content=\"@greemap_es\" \/>\n<meta name=\"twitter:label1\" content=\"Dur\u00e9e de lecture estim\u00e9e\" \/>\n\t<meta name=\"twitter:data1\" content=\"3 minutes\" \/>\n<script type=\"application\/ld+json\" class=\"yoast-schema-graph\">{\"@context\":\"https:\/\/schema.org\",\"@graph\":[{\"@type\":\"WebPage\",\"@id\":\"https:\/\/greemap.es\/fr\/la-grana-al-engros\/\",\"url\":\"https:\/\/greemap.es\/fr\/la-grana-al-engros\/\",\"name\":\"LA GRANA AL ENGR\u00d2S - Greemap - Madera de Paulownia\",\"isPartOf\":{\"@id\":\"https:\/\/greemap.es\/#website\"},\"primaryImageOfPage\":{\"@id\":\"https:\/\/greemap.es\/fr\/la-grana-al-engros\/#primaryimage\"},\"image\":{\"@id\":\"https:\/\/greemap.es\/fr\/la-grana-al-engros\/#primaryimage\"},\"thumbnailUrl\":\"https:\/\/greemap.es\/wp-content\/uploads\/2023\/03\/Liston-laminado-Paulownia-300x200.jpg\",\"datePublished\":\"2024-01-12T11:02:08+00:00\",\"dateModified\":\"2024-09-16T22:07:57+00:00\",\"breadcrumb\":{\"@id\":\"https:\/\/greemap.es\/fr\/la-grana-al-engros\/#breadcrumb\"},\"inLanguage\":\"fr-FR\",\"potentialAction\":[{\"@type\":\"ReadAction\",\"target\":[\"https:\/\/greemap.es\/fr\/la-grana-al-engros\/\"]}]},{\"@type\":\"ImageObject\",\"inLanguage\":\"fr-FR\",\"@id\":\"https:\/\/greemap.es\/fr\/la-grana-al-engros\/#primaryimage\",\"url\":\"https:\/\/greemap.es\/wp-content\/uploads\/2023\/03\/Liston-laminado-Paulownia-300x200.jpg\",\"contentUrl\":\"https:\/\/greemap.es\/wp-content\/uploads\/2023\/03\/Liston-laminado-Paulownia-300x200.jpg\"},{\"@type\":\"BreadcrumbList\",\"@id\":\"https:\/\/greemap.es\/fr\/la-grana-al-engros\/#breadcrumb\",\"itemListElement\":[{\"@type\":\"ListItem\",\"position\":1,\"name\":\"Portada\",\"item\":\"https:\/\/greemap.es\/fr\/\"},{\"@type\":\"ListItem\",\"position\":2,\"name\":\"LA GRANA AL ENGR\u00d2S\"}]},{\"@type\":\"WebSite\",\"@id\":\"https:\/\/greemap.es\/#website\",\"url\":\"https:\/\/greemap.es\/\",\"name\":\"Greemap - Madera de Paulownia\",\"description\":\"wood is our soul\",\"publisher\":{\"@id\":\"https:\/\/greemap.es\/#organization\"},\"potentialAction\":[{\"@type\":\"SearchAction\",\"target\":{\"@type\":\"EntryPoint\",\"urlTemplate\":\"https:\/\/greemap.es\/?s={search_term_string}\"},\"query-input\":{\"@type\":\"PropertyValueSpecification\",\"valueRequired\":true,\"valueName\":\"search_term_string\"}}],\"inLanguage\":\"fr-FR\"},{\"@type\":\"Organization\",\"@id\":\"https:\/\/greemap.es\/#organization\",\"name\":\"Greemap\",\"url\":\"https:\/\/greemap.es\/\",\"logo\":{\"@type\":\"ImageObject\",\"inLanguage\":\"fr-FR\",\"@id\":\"https:\/\/greemap.es\/#\/schema\/logo\/image\/\",\"url\":\"https:\/\/greemap.es\/wp-content\/uploads\/2019\/08\/greemap-logo-282.png\",\"contentUrl\":\"https:\/\/greemap.es\/wp-content\/uploads\/2019\/08\/greemap-logo-282.png\",\"width\":1920,\"height\":282,\"caption\":\"Greemap\"},\"image\":{\"@id\":\"https:\/\/greemap.es\/#\/schema\/logo\/image\/\"},\"sameAs\":[\"https:\/\/www.facebook.com\/pg\/Greemap-105942780853422\/about\/\",\"https:\/\/x.com\/greemap_es\",\"https:\/\/www.instagram.com\/greemap_es\/\"]}]}<\/script>\n<!-- \/ Yoast SEO plugin. -->","yoast_head_json":{"title":"LA GRANA AL ENGR\u00d2S - Greemap - Madera de Paulownia","robots":{"index":"index","follow":"follow","max-snippet":"max-snippet:-1","max-image-preview":"max-image-preview:large","max-video-preview":"max-video-preview:-1"},"canonical":"https:\/\/greemap.es\/fr\/la-grana-al-engros\/","og_locale":"fr_FR","og_type":"article","og_title":"LA GRANA AL ENGR\u00d2S - Greemap - Madera de Paulownia","og_description":"EL QUE EM D\u00d3NA LA GRANA Au c\u0153ur de l'Escala (G\u00e9rone), un magasin de produits en vrac, biologiques et locaux a attir\u00e9 l'attention des amateurs d'architecture et de design gr\u00e2ce \u00e0 un projet global dans lequel le bois de paulownia a \u00e9t\u00e9 le grand protagoniste. Con\u00e7u par l'architecte d'int\u00e9rieur Miquel Moya, le magasin allie la &hellip;","og_url":"https:\/\/greemap.es\/fr\/la-grana-al-engros\/","og_site_name":"Greemap - Madera de Paulownia","article_publisher":"https:\/\/www.facebook.com\/pg\/Greemap-105942780853422\/about\/","article_modified_time":"2024-09-16T22:07:57+00:00","og_image":[{"url":"https:\/\/greemap.es\/wp-content\/uploads\/2023\/03\/Liston-laminado-Paulownia-300x200.jpg","type":"","width":"","height":""}],"twitter_card":"summary_large_image","twitter_site":"@greemap_es","twitter_misc":{"Dur\u00e9e de lecture estim\u00e9e":"3 minutes"},"schema":{"@context":"https:\/\/schema.org","@graph":[{"@type":"WebPage","@id":"https:\/\/greemap.es\/fr\/la-grana-al-engros\/","url":"https:\/\/greemap.es\/fr\/la-grana-al-engros\/","name":"LA GRANA AL ENGR\u00d2S - Greemap - Madera de Paulownia","isPartOf":{"@id":"https:\/\/greemap.es\/#website"},"primaryImageOfPage":{"@id":"https:\/\/greemap.es\/fr\/la-grana-al-engros\/#primaryimage"},"image":{"@id":"https:\/\/greemap.es\/fr\/la-grana-al-engros\/#primaryimage"},"thumbnailUrl":"https:\/\/greemap.es\/wp-content\/uploads\/2023\/03\/Liston-laminado-Paulownia-300x200.jpg","datePublished":"2024-01-12T11:02:08+00:00","dateModified":"2024-09-16T22:07:57+00:00","breadcrumb":{"@id":"https:\/\/greemap.es\/fr\/la-grana-al-engros\/#breadcrumb"},"inLanguage":"fr-FR","potentialAction":[{"@type":"ReadAction","target":["https:\/\/greemap.es\/fr\/la-grana-al-engros\/"]}]},{"@type":"ImageObject","inLanguage":"fr-FR","@id":"https:\/\/greemap.es\/fr\/la-grana-al-engros\/#primaryimage","url":"https:\/\/greemap.es\/wp-content\/uploads\/2023\/03\/Liston-laminado-Paulownia-300x200.jpg","contentUrl":"https:\/\/greemap.es\/wp-content\/uploads\/2023\/03\/Liston-laminado-Paulownia-300x200.jpg"},{"@type":"BreadcrumbList","@id":"https:\/\/greemap.es\/fr\/la-grana-al-engros\/#breadcrumb","itemListElement":[{"@type":"ListItem","position":1,"name":"Portada","item":"https:\/\/greemap.es\/fr\/"},{"@type":"ListItem","position":2,"name":"LA GRANA AL ENGR\u00d2S"}]},{"@type":"WebSite","@id":"https:\/\/greemap.es\/#website","url":"https:\/\/greemap.es\/","name":"Greemap - Madera de Paulownia","description":"wood is our soul","publisher":{"@id":"https:\/\/greemap.es\/#organization"},"potentialAction":[{"@type":"SearchAction","target":{"@type":"EntryPoint","urlTemplate":"https:\/\/greemap.es\/?s={search_term_string}"},"query-input":{"@type":"PropertyValueSpecification","valueRequired":true,"valueName":"search_term_string"}}],"inLanguage":"fr-FR"},{"@type":"Organization","@id":"https:\/\/greemap.es\/#organization","name":"Greemap","url":"https:\/\/greemap.es\/","logo":{"@type":"ImageObject","inLanguage":"fr-FR","@id":"https:\/\/greemap.es\/#\/schema\/logo\/image\/","url":"https:\/\/greemap.es\/wp-content\/uploads\/2019\/08\/greemap-logo-282.png","contentUrl":"https:\/\/greemap.es\/wp-content\/uploads\/2019\/08\/greemap-logo-282.png","width":1920,"height":282,"caption":"Greemap"},"image":{"@id":"https:\/\/greemap.es\/#\/schema\/logo\/image\/"},"sameAs":["https:\/\/www.facebook.com\/pg\/Greemap-105942780853422\/about\/","https:\/\/x.com\/greemap_es","https:\/\/www.instagram.com\/greemap_es\/"]}]}},"_links":{"self":[{"href":"https:\/\/greemap.es\/fr\/wp-json\/wp\/v2\/pages\/15977","targetHints":{"allow":["GET"]}}],"collection":[{"href":"https:\/\/greemap.es\/fr\/wp-json\/wp\/v2\/pages"}],"about":[{"href":"https:\/\/greemap.es\/fr\/wp-json\/wp\/v2\/types\/page"}],"author":[{"embeddable":true,"href":"https:\/\/greemap.es\/fr\/wp-json\/wp\/v2\/users\/3"}],"replies":[{"embeddable":true,"href":"https:\/\/greemap.es\/fr\/wp-json\/wp\/v2\/comments?post=15977"}],"version-history":[{"count":4,"href":"https:\/\/greemap.es\/fr\/wp-json\/wp\/v2\/pages\/15977\/revisions"}],"predecessor-version":[{"id":16994,"href":"https:\/\/greemap.es\/fr\/wp-json\/wp\/v2\/pages\/15977\/revisions\/16994"}],"wp:attachment":[{"href":"https:\/\/greemap.es\/fr\/wp-json\/wp\/v2\/media?parent=15977"}],"curies":[{"name":"wp","href":"https:\/\/api.w.org\/{rel}","templated":true}]}}