{"id":15975,"date":"2024-01-12T10:57:31","date_gmt":"2024-01-12T10:57:31","guid":{"rendered":"https:\/\/greemap.es\/kfc\/"},"modified":"2024-09-16T22:07:48","modified_gmt":"2024-09-16T22:07:48","slug":"kfc","status":"publish","type":"page","link":"https:\/\/greemap.es\/fr\/kfc\/","title":{"rendered":"KFC"},"content":{"rendered":"\t\t<div data-elementor-type=\"wp-page\" data-elementor-id=\"15975\" class=\"elementor elementor-15975 elementor-15143\" data-elementor-post-type=\"page\">\n\t\t\t\t\t\t<section class=\"elementor-section elementor-top-section elementor-element elementor-element-e9bc394 elementor-section-boxed elementor-section-height-default elementor-section-height-default\" data-id=\"e9bc394\" data-element_type=\"section\">\n\t\t\t\t\t\t<div class=\"elementor-container elementor-column-gap-no\">\n\t\t\t\t\t<div class=\"elementor-column elementor-col-100 elementor-top-column elementor-element elementor-element-c189817\" data-id=\"c189817\" data-element_type=\"column\">\n\t\t\t<div class=\"elementor-widget-wrap elementor-element-populated\">\n\t\t\t\t\t\t<div class=\"elementor-element elementor-element-6abfe7e elementor-widget elementor-widget-heading\" data-id=\"6abfe7e\" data-element_type=\"widget\" data-widget_type=\"heading.default\">\n\t\t\t\t<div class=\"elementor-widget-container\">\n\t\t\t\t\t<h1 class=\"elementor-heading-title elementor-size-default\">KFC<\/h1>\t\t\t\t<\/div>\n\t\t\t\t<\/div>\n\t\t\t\t\t<\/div>\n\t\t<\/div>\n\t\t\t\t\t<\/div>\n\t\t<\/section>\n\t\t\t\t<section class=\"elementor-section elementor-top-section elementor-element elementor-element-b6b1212 elementor-section-boxed elementor-section-height-default elementor-section-height-default\" data-id=\"b6b1212\" data-element_type=\"section\" data-settings=\"{&quot;background_background&quot;:&quot;classic&quot;}\">\n\t\t\t\t\t\t<div class=\"elementor-container elementor-column-gap-default\">\n\t\t\t\t\t<div class=\"elementor-column elementor-col-50 elementor-top-column elementor-element elementor-element-1ccba7b\" data-id=\"1ccba7b\" data-element_type=\"column\" data-settings=\"{&quot;background_background&quot;:&quot;classic&quot;}\">\n\t\t\t<div class=\"elementor-widget-wrap elementor-element-populated\">\n\t\t\t\t\t<div class=\"elementor-background-overlay\"><\/div>\n\t\t\t\t\t\t<div class=\"elementor-element elementor-element-a47e7bc elementor-widget-divider--view-line elementor-widget elementor-widget-divider\" data-id=\"a47e7bc\" data-element_type=\"widget\" data-widget_type=\"divider.default\">\n\t\t\t\t<div class=\"elementor-widget-container\">\n\t\t\t\t\t\t\t<div class=\"elementor-divider\">\n\t\t\t<span class=\"elementor-divider-separator\">\n\t\t\t\t\t\t<\/span>\n\t\t<\/div>\n\t\t\t\t\t\t<\/div>\n\t\t\t\t<\/div>\n\t\t\t\t<div class=\"elementor-element elementor-element-e2a7cfa elementor-widget elementor-widget-text-editor\" data-id=\"e2a7cfa\" data-element_type=\"widget\" data-widget_type=\"text-editor.default\">\n\t\t\t\t<div class=\"elementor-widget-container\">\n\t\t\t\t\t\t\t\t\t<p>Lors de l&rsquo;\u00e9tablissement de produits alimentaires rapides, un seul qui veut renoncer au produit. C&rsquo;est pour cela que Gurd\u00f3 travaille pour diff\u00e9rentes cha\u00eenes, entre ceux qui d\u00e9couvrent Kentucky Fried Chicken (KFC).<\/p>\n<p>Il faut cr\u00e9er du mobilier et d&rsquo;autres \u00e9l\u00e9ments en bois avec un objectif tr\u00e8s marqu\u00e9, les solutions propos\u00e9es sont aussi esth\u00e9tiques que fonctionnelles. Et il est important pour eux que leurs conceptions r\u00e9pondent aux besoins constructifs et d\u00e9coratifs que le client plante, en faisant en sorte que l&rsquo;alistonado de paulownia fasse le choix parfait pour cette fa\u00e7ade \u00e0 l&rsquo;ext\u00e9rieur.<\/p>\t\t\t\t\t\t\t\t<\/div>\n\t\t\t\t<\/div>\n\t\t\t\t<div class=\"elementor-element elementor-element-bfa2bcd elementor-widget-divider--view-line elementor-widget elementor-widget-divider\" data-id=\"bfa2bcd\" data-element_type=\"widget\" data-widget_type=\"divider.default\">\n\t\t\t\t<div class=\"elementor-widget-container\">\n\t\t\t\t\t\t\t<div class=\"elementor-divider\">\n\t\t\t<span class=\"elementor-divider-separator\">\n\t\t\t\t\t\t<\/span>\n\t\t<\/div>\n\t\t\t\t\t\t<\/div>\n\t\t\t\t<\/div>\n\t\t\t\t<div class=\"elementor-element elementor-element-45d9813 elementor-widget elementor-widget-image\" data-id=\"45d9813\" data-element_type=\"widget\" data-widget_type=\"image.default\">\n\t\t\t\t<div class=\"elementor-widget-container\">\n\t\t\t\t\t\t\t\t\t\t\t\t\t\t\t\t<a href=\"https:\/\/greemap.es\/fabricant-de-lamelles-colles\/?lang=fr\">\n\t\t\t\t\t\t\t<img fetchpriority=\"high\" decoding=\"async\" width=\"300\" height=\"200\" src=\"https:\/\/greemap.es\/wp-content\/uploads\/2023\/03\/Tablero-Alistonado-2-1-300x200.jpg\" class=\"attachment-medium size-medium wp-image-15120\" alt=\"Tablero Alistonado 2\" srcset=\"https:\/\/greemap.es\/wp-content\/uploads\/2023\/03\/Tablero-Alistonado-2-1-300x200.jpg 300w, https:\/\/greemap.es\/wp-content\/uploads\/2023\/03\/Tablero-Alistonado-2-1-1024x683.jpg 1024w, https:\/\/greemap.es\/wp-content\/uploads\/2023\/03\/Tablero-Alistonado-2-1-768x512.jpg 768w, https:\/\/greemap.es\/wp-content\/uploads\/2023\/03\/Tablero-Alistonado-2-1.jpg 1200w\" sizes=\"(max-width: 300px) 100vw, 300px\" \/>\t\t\t\t\t\t\t\t<\/a>\n\t\t\t\t\t\t\t\t\t\t\t\t\t\t\t<\/div>\n\t\t\t\t<\/div>\n\t\t\t\t\t<\/div>\n\t\t<\/div>\n\t\t\t\t<div class=\"elementor-column elementor-col-50 elementor-top-column elementor-element elementor-element-418ce85\" data-id=\"418ce85\" data-element_type=\"column\">\n\t\t\t<div class=\"elementor-widget-wrap elementor-element-populated\">\n\t\t\t\t\t\t<div class=\"elementor-element elementor-element-1d4ed44 elementor-widget elementor-widget-image\" data-id=\"1d4ed44\" data-element_type=\"widget\" data-widget_type=\"image.default\">\n\t\t\t\t<div class=\"elementor-widget-container\">\n\t\t\t\t\t\t\t\t\t\t\t\t\t\t\t<img decoding=\"async\" width=\"699\" height=\"972\" src=\"https:\/\/greemap.es\/wp-content\/uploads\/2023\/03\/KFC-Paulownia-3.jpeg\" class=\"attachment-large size-large wp-image-15147\" alt=\"KFC Paulownia 3\" srcset=\"https:\/\/greemap.es\/wp-content\/uploads\/2023\/03\/KFC-Paulownia-3.jpeg 699w, https:\/\/greemap.es\/wp-content\/uploads\/2023\/03\/KFC-Paulownia-3-216x300.jpeg 216w\" sizes=\"(max-width: 699px) 100vw, 699px\" \/>\t\t\t\t\t\t\t\t\t\t\t\t\t\t\t<\/div>\n\t\t\t\t<\/div>\n\t\t\t\t\t<\/div>\n\t\t<\/div>\n\t\t\t\t\t<\/div>\n\t\t<\/section>\n\t\t\t\t<section class=\"elementor-section elementor-top-section elementor-element elementor-element-f015fab elementor-section-boxed elementor-section-height-default elementor-section-height-default\" data-id=\"f015fab\" data-element_type=\"section\">\n\t\t\t\t\t\t<div class=\"elementor-container elementor-column-gap-default\">\n\t\t\t\t\t<div class=\"elementor-column elementor-col-100 elementor-top-column elementor-element elementor-element-9866cb5\" data-id=\"9866cb5\" data-element_type=\"column\">\n\t\t\t<div class=\"elementor-widget-wrap elementor-element-populated\">\n\t\t\t\t\t\t<div class=\"elementor-element elementor-element-6872689 elementor-widget elementor-widget-image\" data-id=\"6872689\" data-element_type=\"widget\" data-widget_type=\"image.default\">\n\t\t\t\t<div class=\"elementor-widget-container\">\n\t\t\t\t\t\t\t\t\t\t\t\t\t\t\t<img decoding=\"async\" width=\"885\" height=\"664\" src=\"https:\/\/greemap.es\/wp-content\/uploads\/2023\/03\/KFC-Paulownia.jpeg\" class=\"attachment-large size-large wp-image-15137\" alt=\"KFC Paulownia\" srcset=\"https:\/\/greemap.es\/wp-content\/uploads\/2023\/03\/KFC-Paulownia.jpeg 1024w, https:\/\/greemap.es\/wp-content\/uploads\/2023\/03\/KFC-Paulownia-300x225.jpeg 300w, https:\/\/greemap.es\/wp-content\/uploads\/2023\/03\/KFC-Paulownia-295x222.jpeg 295w, https:\/\/greemap.es\/wp-content\/uploads\/2023\/03\/KFC-Paulownia-768x576.jpeg 768w, https:\/\/greemap.es\/wp-content\/uploads\/2023\/03\/KFC-Paulownia-418x315.jpeg 418w\" sizes=\"(max-width: 885px) 100vw, 885px\" \/>\t\t\t\t\t\t\t\t\t\t\t\t\t\t\t<\/div>\n\t\t\t\t<\/div>\n\t\t\t\t\t<\/div>\n\t\t<\/div>\n\t\t\t\t\t<\/div>\n\t\t<\/section>\n\t\t\t\t<section class=\"elementor-section elementor-top-section elementor-element elementor-element-f9af0ec elementor-section-full_width elementor-section-height-default elementor-section-height-default\" data-id=\"f9af0ec\" data-element_type=\"section\">\n\t\t\t\t\t\t<div class=\"elementor-container elementor-column-gap-no\">\n\t\t\t\t\t<div class=\"elementor-column elementor-col-100 elementor-top-column elementor-element elementor-element-9056c01\" data-id=\"9056c01\" data-element_type=\"column\">\n\t\t\t<div class=\"elementor-widget-wrap elementor-element-populated\">\n\t\t\t\t\t\t<section class=\"elementor-section elementor-inner-section elementor-element elementor-element-dc4bf70 elementor-section-full_width elementor-section-height-default elementor-section-height-default\" data-id=\"dc4bf70\" data-element_type=\"section\">\n\t\t\t\t\t\t<div class=\"elementor-container elementor-column-gap-default\">\n\t\t\t\t\t<div class=\"elementor-column elementor-col-50 elementor-inner-column elementor-element elementor-element-76b750c\" data-id=\"76b750c\" data-element_type=\"column\">\n\t\t\t<div class=\"elementor-widget-wrap elementor-element-populated\">\n\t\t\t\t\t\t<div class=\"elementor-element elementor-element-ee618d6 elementor-widget elementor-widget-image\" data-id=\"ee618d6\" data-element_type=\"widget\" data-widget_type=\"image.default\">\n\t\t\t\t<div class=\"elementor-widget-container\">\n\t\t\t\t\t\t\t\t\t\t\t\t\t\t\t<img loading=\"lazy\" decoding=\"async\" width=\"768\" height=\"576\" src=\"https:\/\/greemap.es\/wp-content\/uploads\/2023\/03\/KFC-Paulownia-enrtrada-pared-768x576.webp\" class=\"attachment-medium_large size-medium_large wp-image-15153\" alt=\"KFC Paulownia enrtrada pared\" srcset=\"https:\/\/greemap.es\/wp-content\/uploads\/2023\/03\/KFC-Paulownia-enrtrada-pared-768x576.webp 768w, https:\/\/greemap.es\/wp-content\/uploads\/2023\/03\/KFC-Paulownia-enrtrada-pared-300x225.webp 300w, https:\/\/greemap.es\/wp-content\/uploads\/2023\/03\/KFC-Paulownia-enrtrada-pared-295x222.webp 295w, https:\/\/greemap.es\/wp-content\/uploads\/2023\/03\/KFC-Paulownia-enrtrada-pared-418x315.webp 418w, https:\/\/greemap.es\/wp-content\/uploads\/2023\/03\/KFC-Paulownia-enrtrada-pared.webp 1023w\" sizes=\"(max-width: 768px) 100vw, 768px\" \/>\t\t\t\t\t\t\t\t\t\t\t\t\t\t\t<\/div>\n\t\t\t\t<\/div>\n\t\t\t\t\t<\/div>\n\t\t<\/div>\n\t\t\t\t<div class=\"elementor-column elementor-col-50 elementor-inner-column elementor-element elementor-element-dd36c98\" data-id=\"dd36c98\" data-element_type=\"column\">\n\t\t\t<div class=\"elementor-widget-wrap elementor-element-populated\">\n\t\t\t\t\t\t<div class=\"elementor-element elementor-element-526619b elementor-widget elementor-widget-image\" data-id=\"526619b\" data-element_type=\"widget\" data-widget_type=\"image.default\">\n\t\t\t\t<div class=\"elementor-widget-container\">\n\t\t\t\t\t\t\t\t\t\t\t\t\t\t\t<img loading=\"lazy\" decoding=\"async\" width=\"768\" height=\"752\" src=\"https:\/\/greemap.es\/wp-content\/uploads\/2023\/03\/KFC-Paulownia-2-e1678809521138.jpeg\" class=\"attachment-medium_large size-medium_large wp-image-15156\" alt=\"KFC Paulownia 2\" srcset=\"https:\/\/greemap.es\/wp-content\/uploads\/2023\/03\/KFC-Paulownia-2-e1678809521138.jpeg 768w, https:\/\/greemap.es\/wp-content\/uploads\/2023\/03\/KFC-Paulownia-2-e1678809521138-300x294.jpeg 300w\" sizes=\"(max-width: 768px) 100vw, 768px\" \/>\t\t\t\t\t\t\t\t\t\t\t\t\t\t\t<\/div>\n\t\t\t\t<\/div>\n\t\t\t\t\t<\/div>\n\t\t<\/div>\n\t\t\t\t\t<\/div>\n\t\t<\/section>\n\t\t\t\t\t<\/div>\n\t\t<\/div>\n\t\t\t\t\t<\/div>\n\t\t<\/section>\n\t\t\t\t<section class=\"elementor-section elementor-top-section elementor-element elementor-element-12cd1da elementor-section-full_width elementor-section-height-default elementor-section-height-default\" data-id=\"12cd1da\" data-element_type=\"section\">\n\t\t\t\t\t\t<div class=\"elementor-container elementor-column-gap-no\">\n\t\t\t\t\t<div class=\"elementor-column elementor-col-100 elementor-top-column elementor-element elementor-element-4c0891b\" data-id=\"4c0891b\" data-element_type=\"column\">\n\t\t\t<div class=\"elementor-widget-wrap elementor-element-populated\">\n\t\t\t\t\t\t<section class=\"elementor-section elementor-inner-section elementor-element elementor-element-53a0421 elementor-section-full_width elementor-section-height-default elementor-section-height-default\" data-id=\"53a0421\" data-element_type=\"section\">\n\t\t\t\t\t\t<div class=\"elementor-container elementor-column-gap-default\">\n\t\t\t\t\t<div class=\"elementor-column elementor-col-100 elementor-inner-column elementor-element elementor-element-8f76790\" data-id=\"8f76790\" data-element_type=\"column\">\n\t\t\t<div class=\"elementor-widget-wrap elementor-element-populated\">\n\t\t\t\t\t\t<div class=\"elementor-element elementor-element-5ccda98 elementor-widget elementor-widget-image\" data-id=\"5ccda98\" data-element_type=\"widget\" data-widget_type=\"image.default\">\n\t\t\t\t<div class=\"elementor-widget-container\">\n\t\t\t\t\t\t\t\t\t\t\t\t\t\t\t<img loading=\"lazy\" decoding=\"async\" width=\"906\" height=\"375\" src=\"https:\/\/greemap.es\/wp-content\/uploads\/2023\/03\/KFC-Paulownia-4.jpeg\" class=\"attachment-full size-full wp-image-15150\" alt=\"\" srcset=\"https:\/\/greemap.es\/wp-content\/uploads\/2023\/03\/KFC-Paulownia-4.jpeg 906w, https:\/\/greemap.es\/wp-content\/uploads\/2023\/03\/KFC-Paulownia-4-300x124.jpeg 300w, https:\/\/greemap.es\/wp-content\/uploads\/2023\/03\/KFC-Paulownia-4-768x318.jpeg 768w\" sizes=\"(max-width: 906px) 100vw, 906px\" \/>\t\t\t\t\t\t\t\t\t\t\t\t\t\t\t<\/div>\n\t\t\t\t<\/div>\n\t\t\t\t\t<\/div>\n\t\t<\/div>\n\t\t\t\t\t<\/div>\n\t\t<\/section>\n\t\t\t\t\t<\/div>\n\t\t<\/div>\n\t\t\t\t\t<\/div>\n\t\t<\/section>\n\t\t\t\t<\/div>\n\t\t","protected":false},"excerpt":{"rendered":"<p>KFC Lors de l&rsquo;\u00e9tablissement de produits alimentaires rapides, un seul qui veut renoncer au produit. C&rsquo;est pour cela que Gurd\u00f3 travaille pour diff\u00e9rentes cha\u00eenes, entre ceux qui d\u00e9couvrent Kentucky Fried Chicken (KFC). Il faut cr\u00e9er du mobilier et d&rsquo;autres \u00e9l\u00e9ments en bois avec un objectif tr\u00e8s marqu\u00e9, les solutions propos\u00e9es sont aussi esth\u00e9tiques que fonctionnelles. &hellip;<\/p>\n","protected":false},"author":3,"featured_media":0,"parent":0,"menu_order":0,"comment_status":"closed","ping_status":"closed","template":"elementor_header_footer","meta":{"rop_custom_images_group":[],"rop_custom_messages_group":[],"rop_publish_now":"initial","rop_publish_now_accounts":{"facebook_423260185886928_105942780853422":"","twitter_1192717459796701185_1192717459796701185":""},"rop_publish_now_history":[],"rop_publish_now_status":"pending","footnotes":""},"class_list":["post-15975","page","type-page","status-publish","hentry","no-thumb"],"yoast_head":"<!-- This site is optimized with the Yoast SEO plugin v26.1.1 - https:\/\/yoast.com\/wordpress\/plugins\/seo\/ -->\n<title>KFC - Greemap - Madera de Paulownia<\/title>\n<meta name=\"robots\" content=\"index, follow, max-snippet:-1, max-image-preview:large, max-video-preview:-1\" \/>\n<link rel=\"canonical\" href=\"https:\/\/greemap.es\/fr\/kfc\/\" \/>\n<meta property=\"og:locale\" content=\"fr_FR\" \/>\n<meta property=\"og:type\" content=\"article\" \/>\n<meta property=\"og:title\" content=\"KFC - Greemap - Madera de Paulownia\" \/>\n<meta property=\"og:description\" content=\"KFC Lors de l&#039;\u00e9tablissement de produits alimentaires rapides, un seul qui veut renoncer au produit. C&#039;est pour cela que Gurd\u00f3 travaille pour diff\u00e9rentes cha\u00eenes, entre ceux qui d\u00e9couvrent Kentucky Fried Chicken (KFC). Il faut cr\u00e9er du mobilier et d&#039;autres \u00e9l\u00e9ments en bois avec un objectif tr\u00e8s marqu\u00e9, les solutions propos\u00e9es sont aussi esth\u00e9tiques que fonctionnelles. &hellip;\" \/>\n<meta property=\"og:url\" content=\"https:\/\/greemap.es\/fr\/kfc\/\" \/>\n<meta property=\"og:site_name\" content=\"Greemap - Madera de Paulownia\" \/>\n<meta property=\"article:publisher\" content=\"https:\/\/www.facebook.com\/pg\/Greemap-105942780853422\/about\/\" \/>\n<meta property=\"article:modified_time\" content=\"2024-09-16T22:07:48+00:00\" \/>\n<meta property=\"og:image\" content=\"https:\/\/greemap.es\/wp-content\/uploads\/2023\/03\/Tablero-Alistonado-2-1-300x200.jpg\" \/>\n<meta name=\"twitter:card\" content=\"summary_large_image\" \/>\n<meta name=\"twitter:site\" content=\"@greemap_es\" \/>\n<meta name=\"twitter:label1\" content=\"Dur\u00e9e de lecture estim\u00e9e\" \/>\n\t<meta name=\"twitter:data1\" content=\"2 minutes\" \/>\n<script type=\"application\/ld+json\" class=\"yoast-schema-graph\">{\"@context\":\"https:\/\/schema.org\",\"@graph\":[{\"@type\":\"WebPage\",\"@id\":\"https:\/\/greemap.es\/fr\/kfc\/\",\"url\":\"https:\/\/greemap.es\/fr\/kfc\/\",\"name\":\"KFC - Greemap - Madera de Paulownia\",\"isPartOf\":{\"@id\":\"https:\/\/greemap.es\/#website\"},\"primaryImageOfPage\":{\"@id\":\"https:\/\/greemap.es\/fr\/kfc\/#primaryimage\"},\"image\":{\"@id\":\"https:\/\/greemap.es\/fr\/kfc\/#primaryimage\"},\"thumbnailUrl\":\"https:\/\/greemap.es\/wp-content\/uploads\/2023\/03\/Tablero-Alistonado-2-1-300x200.jpg\",\"datePublished\":\"2024-01-12T10:57:31+00:00\",\"dateModified\":\"2024-09-16T22:07:48+00:00\",\"breadcrumb\":{\"@id\":\"https:\/\/greemap.es\/fr\/kfc\/#breadcrumb\"},\"inLanguage\":\"fr-FR\",\"potentialAction\":[{\"@type\":\"ReadAction\",\"target\":[\"https:\/\/greemap.es\/fr\/kfc\/\"]}]},{\"@type\":\"ImageObject\",\"inLanguage\":\"fr-FR\",\"@id\":\"https:\/\/greemap.es\/fr\/kfc\/#primaryimage\",\"url\":\"https:\/\/greemap.es\/wp-content\/uploads\/2023\/03\/Tablero-Alistonado-2-1-300x200.jpg\",\"contentUrl\":\"https:\/\/greemap.es\/wp-content\/uploads\/2023\/03\/Tablero-Alistonado-2-1-300x200.jpg\"},{\"@type\":\"BreadcrumbList\",\"@id\":\"https:\/\/greemap.es\/fr\/kfc\/#breadcrumb\",\"itemListElement\":[{\"@type\":\"ListItem\",\"position\":1,\"name\":\"Portada\",\"item\":\"https:\/\/greemap.es\/fr\/\"},{\"@type\":\"ListItem\",\"position\":2,\"name\":\"KFC\"}]},{\"@type\":\"WebSite\",\"@id\":\"https:\/\/greemap.es\/#website\",\"url\":\"https:\/\/greemap.es\/\",\"name\":\"Greemap - Madera de Paulownia\",\"description\":\"wood is our soul\",\"publisher\":{\"@id\":\"https:\/\/greemap.es\/#organization\"},\"potentialAction\":[{\"@type\":\"SearchAction\",\"target\":{\"@type\":\"EntryPoint\",\"urlTemplate\":\"https:\/\/greemap.es\/?s={search_term_string}\"},\"query-input\":{\"@type\":\"PropertyValueSpecification\",\"valueRequired\":true,\"valueName\":\"search_term_string\"}}],\"inLanguage\":\"fr-FR\"},{\"@type\":\"Organization\",\"@id\":\"https:\/\/greemap.es\/#organization\",\"name\":\"Greemap\",\"url\":\"https:\/\/greemap.es\/\",\"logo\":{\"@type\":\"ImageObject\",\"inLanguage\":\"fr-FR\",\"@id\":\"https:\/\/greemap.es\/#\/schema\/logo\/image\/\",\"url\":\"https:\/\/greemap.es\/wp-content\/uploads\/2019\/08\/greemap-logo-282.png\",\"contentUrl\":\"https:\/\/greemap.es\/wp-content\/uploads\/2019\/08\/greemap-logo-282.png\",\"width\":1920,\"height\":282,\"caption\":\"Greemap\"},\"image\":{\"@id\":\"https:\/\/greemap.es\/#\/schema\/logo\/image\/\"},\"sameAs\":[\"https:\/\/www.facebook.com\/pg\/Greemap-105942780853422\/about\/\",\"https:\/\/x.com\/greemap_es\",\"https:\/\/www.instagram.com\/greemap_es\/\"]}]}<\/script>\n<!-- \/ Yoast SEO plugin. -->","yoast_head_json":{"title":"KFC - Greemap - Madera de Paulownia","robots":{"index":"index","follow":"follow","max-snippet":"max-snippet:-1","max-image-preview":"max-image-preview:large","max-video-preview":"max-video-preview:-1"},"canonical":"https:\/\/greemap.es\/fr\/kfc\/","og_locale":"fr_FR","og_type":"article","og_title":"KFC - Greemap - Madera de Paulownia","og_description":"KFC Lors de l'\u00e9tablissement de produits alimentaires rapides, un seul qui veut renoncer au produit. C'est pour cela que Gurd\u00f3 travaille pour diff\u00e9rentes cha\u00eenes, entre ceux qui d\u00e9couvrent Kentucky Fried Chicken (KFC). Il faut cr\u00e9er du mobilier et d'autres \u00e9l\u00e9ments en bois avec un objectif tr\u00e8s marqu\u00e9, les solutions propos\u00e9es sont aussi esth\u00e9tiques que fonctionnelles. &hellip;","og_url":"https:\/\/greemap.es\/fr\/kfc\/","og_site_name":"Greemap - Madera de Paulownia","article_publisher":"https:\/\/www.facebook.com\/pg\/Greemap-105942780853422\/about\/","article_modified_time":"2024-09-16T22:07:48+00:00","og_image":[{"url":"https:\/\/greemap.es\/wp-content\/uploads\/2023\/03\/Tablero-Alistonado-2-1-300x200.jpg","type":"","width":"","height":""}],"twitter_card":"summary_large_image","twitter_site":"@greemap_es","twitter_misc":{"Dur\u00e9e de lecture estim\u00e9e":"2 minutes"},"schema":{"@context":"https:\/\/schema.org","@graph":[{"@type":"WebPage","@id":"https:\/\/greemap.es\/fr\/kfc\/","url":"https:\/\/greemap.es\/fr\/kfc\/","name":"KFC - Greemap - Madera de Paulownia","isPartOf":{"@id":"https:\/\/greemap.es\/#website"},"primaryImageOfPage":{"@id":"https:\/\/greemap.es\/fr\/kfc\/#primaryimage"},"image":{"@id":"https:\/\/greemap.es\/fr\/kfc\/#primaryimage"},"thumbnailUrl":"https:\/\/greemap.es\/wp-content\/uploads\/2023\/03\/Tablero-Alistonado-2-1-300x200.jpg","datePublished":"2024-01-12T10:57:31+00:00","dateModified":"2024-09-16T22:07:48+00:00","breadcrumb":{"@id":"https:\/\/greemap.es\/fr\/kfc\/#breadcrumb"},"inLanguage":"fr-FR","potentialAction":[{"@type":"ReadAction","target":["https:\/\/greemap.es\/fr\/kfc\/"]}]},{"@type":"ImageObject","inLanguage":"fr-FR","@id":"https:\/\/greemap.es\/fr\/kfc\/#primaryimage","url":"https:\/\/greemap.es\/wp-content\/uploads\/2023\/03\/Tablero-Alistonado-2-1-300x200.jpg","contentUrl":"https:\/\/greemap.es\/wp-content\/uploads\/2023\/03\/Tablero-Alistonado-2-1-300x200.jpg"},{"@type":"BreadcrumbList","@id":"https:\/\/greemap.es\/fr\/kfc\/#breadcrumb","itemListElement":[{"@type":"ListItem","position":1,"name":"Portada","item":"https:\/\/greemap.es\/fr\/"},{"@type":"ListItem","position":2,"name":"KFC"}]},{"@type":"WebSite","@id":"https:\/\/greemap.es\/#website","url":"https:\/\/greemap.es\/","name":"Greemap - Madera de Paulownia","description":"wood is our soul","publisher":{"@id":"https:\/\/greemap.es\/#organization"},"potentialAction":[{"@type":"SearchAction","target":{"@type":"EntryPoint","urlTemplate":"https:\/\/greemap.es\/?s={search_term_string}"},"query-input":{"@type":"PropertyValueSpecification","valueRequired":true,"valueName":"search_term_string"}}],"inLanguage":"fr-FR"},{"@type":"Organization","@id":"https:\/\/greemap.es\/#organization","name":"Greemap","url":"https:\/\/greemap.es\/","logo":{"@type":"ImageObject","inLanguage":"fr-FR","@id":"https:\/\/greemap.es\/#\/schema\/logo\/image\/","url":"https:\/\/greemap.es\/wp-content\/uploads\/2019\/08\/greemap-logo-282.png","contentUrl":"https:\/\/greemap.es\/wp-content\/uploads\/2019\/08\/greemap-logo-282.png","width":1920,"height":282,"caption":"Greemap"},"image":{"@id":"https:\/\/greemap.es\/#\/schema\/logo\/image\/"},"sameAs":["https:\/\/www.facebook.com\/pg\/Greemap-105942780853422\/about\/","https:\/\/x.com\/greemap_es","https:\/\/www.instagram.com\/greemap_es\/"]}]}},"_links":{"self":[{"href":"https:\/\/greemap.es\/fr\/wp-json\/wp\/v2\/pages\/15975","targetHints":{"allow":["GET"]}}],"collection":[{"href":"https:\/\/greemap.es\/fr\/wp-json\/wp\/v2\/pages"}],"about":[{"href":"https:\/\/greemap.es\/fr\/wp-json\/wp\/v2\/types\/page"}],"author":[{"embeddable":true,"href":"https:\/\/greemap.es\/fr\/wp-json\/wp\/v2\/users\/3"}],"replies":[{"embeddable":true,"href":"https:\/\/greemap.es\/fr\/wp-json\/wp\/v2\/comments?post=15975"}],"version-history":[{"count":4,"href":"https:\/\/greemap.es\/fr\/wp-json\/wp\/v2\/pages\/15975\/revisions"}],"predecessor-version":[{"id":16991,"href":"https:\/\/greemap.es\/fr\/wp-json\/wp\/v2\/pages\/15975\/revisions\/16991"}],"wp:attachment":[{"href":"https:\/\/greemap.es\/fr\/wp-json\/wp\/v2\/media?parent=15975"}],"curies":[{"name":"wp","href":"https:\/\/api.w.org\/{rel}","templated":true}]}}