{"id":15965,"date":"2024-01-12T10:44:40","date_gmt":"2024-01-12T10:44:40","guid":{"rendered":"https:\/\/greemap.es\/galefusion\/"},"modified":"2024-09-16T22:07:13","modified_gmt":"2024-09-16T22:07:13","slug":"galefusion","status":"publish","type":"page","link":"https:\/\/greemap.es\/fr\/galefusion\/","title":{"rendered":"Galefusi\u00f3n"},"content":{"rendered":"\t\t<div data-elementor-type=\"wp-page\" data-elementor-id=\"15965\" class=\"elementor elementor-15965 elementor-15797\" data-elementor-post-type=\"page\">\n\t\t\t\t\t\t<section class=\"elementor-section elementor-top-section elementor-element elementor-element-e9bc394 elementor-section-boxed elementor-section-height-default elementor-section-height-default\" data-id=\"e9bc394\" data-element_type=\"section\">\n\t\t\t\t\t\t<div class=\"elementor-container elementor-column-gap-no\">\n\t\t\t\t\t<div class=\"elementor-column elementor-col-100 elementor-top-column elementor-element elementor-element-c189817\" data-id=\"c189817\" data-element_type=\"column\">\n\t\t\t<div class=\"elementor-widget-wrap elementor-element-populated\">\n\t\t\t\t\t\t<div class=\"elementor-element elementor-element-6abfe7e elementor-widget elementor-widget-heading\" data-id=\"6abfe7e\" data-element_type=\"widget\" data-widget_type=\"heading.default\">\n\t\t\t\t<div class=\"elementor-widget-container\">\n\t\t\t\t\t<h1 class=\"elementor-heading-title elementor-size-default\">Galefusi\u00f3n<\/h1>\t\t\t\t<\/div>\n\t\t\t\t<\/div>\n\t\t\t\t\t<\/div>\n\t\t<\/div>\n\t\t\t\t\t<\/div>\n\t\t<\/section>\n\t\t\t\t<section class=\"elementor-section elementor-top-section elementor-element elementor-element-fd4bc78 elementor-section-boxed elementor-section-height-default elementor-section-height-default\" data-id=\"fd4bc78\" data-element_type=\"section\">\n\t\t\t\t\t\t<div class=\"elementor-container elementor-column-gap-default\">\n\t\t\t\t\t<div class=\"elementor-column elementor-col-100 elementor-top-column elementor-element elementor-element-5dbdaf4\" data-id=\"5dbdaf4\" data-element_type=\"column\">\n\t\t\t<div class=\"elementor-widget-wrap elementor-element-populated\">\n\t\t\t\t\t\t<div class=\"elementor-element elementor-element-0b2fa9b elementor-widget elementor-widget-image\" data-id=\"0b2fa9b\" data-element_type=\"widget\" data-widget_type=\"image.default\">\n\t\t\t\t<div class=\"elementor-widget-container\">\n\t\t\t\t\t\t\t\t\t\t\t\t\t\t\t<img fetchpriority=\"high\" decoding=\"async\" width=\"885\" height=\"590\" src=\"https:\/\/greemap.es\/wp-content\/uploads\/2023\/10\/GaleHotel-06-1024x683.jpg\" class=\"attachment-large size-large wp-image-15799\" alt=\"Stand Galefusion a la Fira Interihotel\" srcset=\"https:\/\/greemap.es\/wp-content\/uploads\/2023\/10\/GaleHotel-06-1024x683.jpg 1024w, https:\/\/greemap.es\/wp-content\/uploads\/2023\/10\/GaleHotel-06-300x200.jpg 300w, https:\/\/greemap.es\/wp-content\/uploads\/2023\/10\/GaleHotel-06-768x512.jpg 768w, https:\/\/greemap.es\/wp-content\/uploads\/2023\/10\/GaleHotel-06-1536x1024.jpg 1536w, https:\/\/greemap.es\/wp-content\/uploads\/2023\/10\/GaleHotel-06-2048x1365.jpg 2048w\" sizes=\"(max-width: 885px) 100vw, 885px\" \/>\t\t\t\t\t\t\t\t\t\t\t\t\t\t\t<\/div>\n\t\t\t\t<\/div>\n\t\t\t\t\t<\/div>\n\t\t<\/div>\n\t\t\t\t\t<\/div>\n\t\t<\/section>\n\t\t\t\t<section class=\"elementor-section elementor-top-section elementor-element elementor-element-b6b1212 elementor-section-boxed elementor-section-height-default elementor-section-height-default\" data-id=\"b6b1212\" data-element_type=\"section\" data-settings=\"{&quot;background_background&quot;:&quot;classic&quot;}\">\n\t\t\t\t\t\t<div class=\"elementor-container elementor-column-gap-default\">\n\t\t\t\t\t<div class=\"elementor-column elementor-col-50 elementor-top-column elementor-element elementor-element-1ccba7b\" data-id=\"1ccba7b\" data-element_type=\"column\" data-settings=\"{&quot;background_background&quot;:&quot;classic&quot;}\">\n\t\t\t<div class=\"elementor-widget-wrap elementor-element-populated\">\n\t\t\t\t\t<div class=\"elementor-background-overlay\"><\/div>\n\t\t\t\t\t\t<div class=\"elementor-element elementor-element-a47e7bc elementor-widget-divider--view-line elementor-widget elementor-widget-divider\" data-id=\"a47e7bc\" data-element_type=\"widget\" data-widget_type=\"divider.default\">\n\t\t\t\t<div class=\"elementor-widget-container\">\n\t\t\t\t\t\t\t<div class=\"elementor-divider\">\n\t\t\t<span class=\"elementor-divider-separator\">\n\t\t\t\t\t\t<\/span>\n\t\t<\/div>\n\t\t\t\t\t\t<\/div>\n\t\t\t\t<\/div>\n\t\t\t\t<div class=\"elementor-element elementor-element-e2a7cfa elementor-widget elementor-widget-text-editor\" data-id=\"e2a7cfa\" data-element_type=\"widget\" data-widget_type=\"text-editor.default\">\n\t\t\t\t<div class=\"elementor-widget-container\">\n\t\t\t\t\t\t\t\t\t<p>Le stand de Galefusion \u00e0 Interihotel est un sublime exemple d&rsquo;innovation et de style dans le monde de la d\u00e9coration et du design d&rsquo;int\u00e9rieur. En collaboration avec des marques marquantes de l&rsquo;industrie, Galefusion a cr\u00e9\u00e9 un espace qui captive au premier regard. Le design du stand, gracieuset\u00e9 de Dr\u00f6mLiving, \u00e9blouit par son \u00e9l\u00e9gance et sa fonctionnalit\u00e9. Mais c\u2019est l\u00e0 que r\u00e9side la valeur unique, le choix des mat\u00e9riaux. Galefusion a choisi d&rsquo;utiliser du bois de paulownia de 18 mm fourni par Greemap. La beaut\u00e9 et la polyvalence du bois de paulownia sont mises en valeur dans chaque coin du stand. De plus, la finition \u00e0 l&rsquo;huile Rubio Monocoat lui donne une touche de classe, tandis que la fa\u00e7ade du comptoir Honext ajoute un \u00e9l\u00e9ment de sophistication. L&rsquo;\u00e9clairage LuzNegra, quant \u00e0 lui, met en valeur la qualit\u00e9 de chaque d\u00e9tail, cr\u00e9ant une atmosph\u00e8re unique. Au total, le stand de Galefusion \u00e0 l&rsquo;Interihotel est une source d&rsquo;inspiration in\u00e9puisable pour ceux qui recherchent le meilleur du design et de la d\u00e9coration.<\/p>\t\t\t\t\t\t\t\t<\/div>\n\t\t\t\t<\/div>\n\t\t\t\t<div class=\"elementor-element elementor-element-bfa2bcd elementor-widget-divider--view-line elementor-widget elementor-widget-divider\" data-id=\"bfa2bcd\" data-element_type=\"widget\" data-widget_type=\"divider.default\">\n\t\t\t\t<div class=\"elementor-widget-container\">\n\t\t\t\t\t\t\t<div class=\"elementor-divider\">\n\t\t\t<span class=\"elementor-divider-separator\">\n\t\t\t\t\t\t<\/span>\n\t\t<\/div>\n\t\t\t\t\t\t<\/div>\n\t\t\t\t<\/div>\n\t\t\t\t<div class=\"elementor-element elementor-element-1ee21f1 elementor-widget elementor-widget-spacer\" data-id=\"1ee21f1\" data-element_type=\"widget\" data-widget_type=\"spacer.default\">\n\t\t\t\t<div class=\"elementor-widget-container\">\n\t\t\t\t\t\t\t<div class=\"elementor-spacer\">\n\t\t\t<div class=\"elementor-spacer-inner\"><\/div>\n\t\t<\/div>\n\t\t\t\t\t\t<\/div>\n\t\t\t\t<\/div>\n\t\t\t\t<div class=\"elementor-element elementor-element-807c8ea elementor-widget elementor-widget-image\" data-id=\"807c8ea\" data-element_type=\"widget\" data-widget_type=\"image.default\">\n\t\t\t\t<div class=\"elementor-widget-container\">\n\t\t\t\t\t\t\t\t\t\t\t\t\t\t\t\t<a href=\"https:\/\/greemap.es\/fabricant-de-lamelles-colles\/?lang=fr\">\n\t\t\t\t\t\t\t<img decoding=\"async\" width=\"300\" height=\"200\" src=\"https:\/\/greemap.es\/wp-content\/uploads\/2023\/03\/Tablero-Alistonado-2-1-300x200.jpg\" class=\"attachment-medium size-medium wp-image-15120\" alt=\"Tablero Alistonado 2\" srcset=\"https:\/\/greemap.es\/wp-content\/uploads\/2023\/03\/Tablero-Alistonado-2-1-300x200.jpg 300w, https:\/\/greemap.es\/wp-content\/uploads\/2023\/03\/Tablero-Alistonado-2-1-1024x683.jpg 1024w, https:\/\/greemap.es\/wp-content\/uploads\/2023\/03\/Tablero-Alistonado-2-1-768x512.jpg 768w, https:\/\/greemap.es\/wp-content\/uploads\/2023\/03\/Tablero-Alistonado-2-1.jpg 1200w\" sizes=\"(max-width: 300px) 100vw, 300px\" \/>\t\t\t\t\t\t\t\t<\/a>\n\t\t\t\t\t\t\t\t\t\t\t\t\t\t\t<\/div>\n\t\t\t\t<\/div>\n\t\t\t\t\t<\/div>\n\t\t<\/div>\n\t\t\t\t<div class=\"elementor-column elementor-col-50 elementor-top-column elementor-element elementor-element-418ce85\" data-id=\"418ce85\" data-element_type=\"column\">\n\t\t\t<div class=\"elementor-widget-wrap elementor-element-populated\">\n\t\t\t\t\t\t<div class=\"elementor-element elementor-element-1d4ed44 elementor-widget elementor-widget-image\" data-id=\"1d4ed44\" data-element_type=\"widget\" data-widget_type=\"image.default\">\n\t\t\t\t<div class=\"elementor-widget-container\">\n\t\t\t\t\t\t\t\t\t\t\t\t\t\t\t<img decoding=\"async\" width=\"682\" height=\"1024\" src=\"https:\/\/greemap.es\/wp-content\/uploads\/2023\/10\/GaleHotel-14-682x1024.jpg\" class=\"attachment-large size-large wp-image-15802\" alt=\"\" srcset=\"https:\/\/greemap.es\/wp-content\/uploads\/2023\/10\/GaleHotel-14-682x1024.jpg 682w, https:\/\/greemap.es\/wp-content\/uploads\/2023\/10\/GaleHotel-14-200x300.jpg 200w, https:\/\/greemap.es\/wp-content\/uploads\/2023\/10\/GaleHotel-14-768x1152.jpg 768w, https:\/\/greemap.es\/wp-content\/uploads\/2023\/10\/GaleHotel-14-1024x1536.jpg 1024w, https:\/\/greemap.es\/wp-content\/uploads\/2023\/10\/GaleHotel-14.jpg 1181w\" sizes=\"(max-width: 682px) 100vw, 682px\" \/>\t\t\t\t\t\t\t\t\t\t\t\t\t\t\t<\/div>\n\t\t\t\t<\/div>\n\t\t\t\t\t<\/div>\n\t\t<\/div>\n\t\t\t\t\t<\/div>\n\t\t<\/section>\n\t\t\t\t<section class=\"elementor-section elementor-top-section elementor-element elementor-element-f9af0ec elementor-section-full_width elementor-section-content-top elementor-section-height-default elementor-section-height-default\" data-id=\"f9af0ec\" data-element_type=\"section\">\n\t\t\t\t\t\t<div class=\"elementor-container elementor-column-gap-no\">\n\t\t\t\t\t<div class=\"elementor-column elementor-col-100 elementor-top-column elementor-element elementor-element-9056c01\" data-id=\"9056c01\" data-element_type=\"column\">\n\t\t\t<div class=\"elementor-widget-wrap elementor-element-populated\">\n\t\t\t\t\t\t<section class=\"elementor-section elementor-inner-section elementor-element elementor-element-dc4bf70 elementor-section-full_width elementor-section-height-default elementor-section-height-default\" data-id=\"dc4bf70\" data-element_type=\"section\">\n\t\t\t\t\t\t<div class=\"elementor-container elementor-column-gap-narrow\">\n\t\t\t\t\t<div class=\"elementor-column elementor-col-50 elementor-inner-column elementor-element elementor-element-76b750c\" data-id=\"76b750c\" data-element_type=\"column\">\n\t\t\t<div class=\"elementor-widget-wrap elementor-element-populated\">\n\t\t\t\t\t\t<div class=\"elementor-element elementor-element-ee618d6 elementor-widget__width-inherit elementor-widget elementor-widget-image\" data-id=\"ee618d6\" data-element_type=\"widget\" data-widget_type=\"image.default\">\n\t\t\t\t<div class=\"elementor-widget-container\">\n\t\t\t\t\t\t\t\t\t\t\t\t\t\t\t<img loading=\"lazy\" decoding=\"async\" width=\"768\" height=\"517\" src=\"https:\/\/greemap.es\/wp-content\/uploads\/2023\/10\/GaleHotel-20-768x517.jpg\" class=\"attachment-medium_large size-medium_large wp-image-15808\" alt=\"\" srcset=\"https:\/\/greemap.es\/wp-content\/uploads\/2023\/10\/GaleHotel-20-768x517.jpg 768w, https:\/\/greemap.es\/wp-content\/uploads\/2023\/10\/GaleHotel-20-300x202.jpg 300w, https:\/\/greemap.es\/wp-content\/uploads\/2023\/10\/GaleHotel-20-1024x689.jpg 1024w, https:\/\/greemap.es\/wp-content\/uploads\/2023\/10\/GaleHotel-20-1536x1033.jpg 1536w, https:\/\/greemap.es\/wp-content\/uploads\/2023\/10\/GaleHotel-20-2048x1378.jpg 2048w\" sizes=\"(max-width: 768px) 100vw, 768px\" \/>\t\t\t\t\t\t\t\t\t\t\t\t\t\t\t<\/div>\n\t\t\t\t<\/div>\n\t\t\t\t\t<\/div>\n\t\t<\/div>\n\t\t\t\t<div class=\"elementor-column elementor-col-50 elementor-inner-column elementor-element elementor-element-8f76790\" data-id=\"8f76790\" data-element_type=\"column\">\n\t\t\t<div class=\"elementor-widget-wrap elementor-element-populated\">\n\t\t\t\t\t\t<div class=\"elementor-element elementor-element-5ccda98 elementor-widget elementor-widget-image\" data-id=\"5ccda98\" data-element_type=\"widget\" data-widget_type=\"image.default\">\n\t\t\t\t<div class=\"elementor-widget-container\">\n\t\t\t\t\t\t\t\t\t\t\t\t\t\t\t<img loading=\"lazy\" decoding=\"async\" width=\"768\" height=\"512\" src=\"https:\/\/greemap.es\/wp-content\/uploads\/2023\/10\/GaleHotel-15-768x512.jpg\" class=\"attachment-medium_large size-medium_large wp-image-15814\" alt=\"\" srcset=\"https:\/\/greemap.es\/wp-content\/uploads\/2023\/10\/GaleHotel-15-768x512.jpg 768w, https:\/\/greemap.es\/wp-content\/uploads\/2023\/10\/GaleHotel-15-300x200.jpg 300w, https:\/\/greemap.es\/wp-content\/uploads\/2023\/10\/GaleHotel-15-1024x683.jpg 1024w, https:\/\/greemap.es\/wp-content\/uploads\/2023\/10\/GaleHotel-15-1536x1024.jpg 1536w, https:\/\/greemap.es\/wp-content\/uploads\/2023\/10\/GaleHotel-15-2048x1365.jpg 2048w\" sizes=\"(max-width: 768px) 100vw, 768px\" \/>\t\t\t\t\t\t\t\t\t\t\t\t\t\t\t<\/div>\n\t\t\t\t<\/div>\n\t\t\t\t\t<\/div>\n\t\t<\/div>\n\t\t\t\t\t<\/div>\n\t\t<\/section>\n\t\t\t\t\t<\/div>\n\t\t<\/div>\n\t\t\t\t\t<\/div>\n\t\t<\/section>\n\t\t\t\t<section class=\"elementor-section elementor-top-section elementor-element elementor-element-c7b4eda elementor-section-boxed elementor-section-height-default elementor-section-height-default\" data-id=\"c7b4eda\" data-element_type=\"section\">\n\t\t\t\t\t\t<div class=\"elementor-container elementor-column-gap-default\">\n\t\t\t\t\t<div class=\"elementor-column elementor-col-50 elementor-top-column elementor-element elementor-element-ea7dcf6\" data-id=\"ea7dcf6\" data-element_type=\"column\">\n\t\t\t<div class=\"elementor-widget-wrap elementor-element-populated\">\n\t\t\t\t\t\t<div class=\"elementor-element elementor-element-33e05e2 elementor-widget elementor-widget-image\" data-id=\"33e05e2\" data-element_type=\"widget\" data-widget_type=\"image.default\">\n\t\t\t\t<div class=\"elementor-widget-container\">\n\t\t\t\t\t\t\t\t\t\t\t\t\t\t\t<img loading=\"lazy\" decoding=\"async\" width=\"885\" height=\"590\" src=\"https:\/\/greemap.es\/wp-content\/uploads\/2023\/10\/GaleHotel-18-1024x683.jpg\" class=\"attachment-large size-large wp-image-15805\" alt=\"mostrador Stand Galefusion a la Fira Interihotel\" srcset=\"https:\/\/greemap.es\/wp-content\/uploads\/2023\/10\/GaleHotel-18-1024x683.jpg 1024w, https:\/\/greemap.es\/wp-content\/uploads\/2023\/10\/GaleHotel-18-300x200.jpg 300w, https:\/\/greemap.es\/wp-content\/uploads\/2023\/10\/GaleHotel-18-768x512.jpg 768w, https:\/\/greemap.es\/wp-content\/uploads\/2023\/10\/GaleHotel-18-1536x1024.jpg 1536w, https:\/\/greemap.es\/wp-content\/uploads\/2023\/10\/GaleHotel-18-2048x1365.jpg 2048w\" sizes=\"(max-width: 885px) 100vw, 885px\" \/>\t\t\t\t\t\t\t\t\t\t\t\t\t\t\t<\/div>\n\t\t\t\t<\/div>\n\t\t\t\t\t<\/div>\n\t\t<\/div>\n\t\t\t\t<div class=\"elementor-column elementor-col-50 elementor-top-column elementor-element elementor-element-14e004b\" data-id=\"14e004b\" data-element_type=\"column\">\n\t\t\t<div class=\"elementor-widget-wrap elementor-element-populated\">\n\t\t\t\t\t\t<div class=\"elementor-element elementor-element-c3bc2e2 elementor-widget elementor-widget-image\" data-id=\"c3bc2e2\" data-element_type=\"widget\" data-widget_type=\"image.default\">\n\t\t\t\t<div class=\"elementor-widget-container\">\n\t\t\t\t\t\t\t\t\t\t\t\t\t\t\t<img loading=\"lazy\" decoding=\"async\" width=\"885\" height=\"587\" src=\"https:\/\/greemap.es\/wp-content\/uploads\/2023\/10\/GaleHotel-09-1024x679.jpg\" class=\"attachment-large size-large wp-image-15811\" alt=\"imagen centrada stand interihotel barcelona\" srcset=\"https:\/\/greemap.es\/wp-content\/uploads\/2023\/10\/GaleHotel-09-1024x679.jpg 1024w, https:\/\/greemap.es\/wp-content\/uploads\/2023\/10\/GaleHotel-09-300x199.jpg 300w, https:\/\/greemap.es\/wp-content\/uploads\/2023\/10\/GaleHotel-09-768x509.jpg 768w, https:\/\/greemap.es\/wp-content\/uploads\/2023\/10\/GaleHotel-09-1536x1018.jpg 1536w, https:\/\/greemap.es\/wp-content\/uploads\/2023\/10\/GaleHotel-09-2048x1358.jpg 2048w\" sizes=\"(max-width: 885px) 100vw, 885px\" \/>\t\t\t\t\t\t\t\t\t\t\t\t\t\t\t<\/div>\n\t\t\t\t<\/div>\n\t\t\t\t\t<\/div>\n\t\t<\/div>\n\t\t\t\t\t<\/div>\n\t\t<\/section>\n\t\t\t\t<\/div>\n\t\t","protected":false},"excerpt":{"rendered":"<p>Galefusi\u00f3n Le stand de Galefusion \u00e0 Interihotel est un sublime exemple d&rsquo;innovation et de style dans le monde de la d\u00e9coration et du design d&rsquo;int\u00e9rieur. En collaboration avec des marques marquantes de l&rsquo;industrie, Galefusion a cr\u00e9\u00e9 un espace qui captive au premier regard. Le design du stand, gracieuset\u00e9 de Dr\u00f6mLiving, \u00e9blouit par son \u00e9l\u00e9gance et &hellip;<\/p>\n","protected":false},"author":3,"featured_media":0,"parent":0,"menu_order":0,"comment_status":"closed","ping_status":"closed","template":"elementor_header_footer","meta":{"rop_custom_images_group":[],"rop_custom_messages_group":[],"rop_publish_now":"initial","rop_publish_now_accounts":{"facebook_423260185886928_105942780853422":"","twitter_1192717459796701185_1192717459796701185":""},"rop_publish_now_history":[],"rop_publish_now_status":"pending","footnotes":""},"class_list":["post-15965","page","type-page","status-publish","hentry","no-thumb"],"yoast_head":"<!-- This site is optimized with the Yoast SEO plugin v26.1.1 - https:\/\/yoast.com\/wordpress\/plugins\/seo\/ -->\n<title>Galefusi\u00f3n - Greemap - Madera de Paulownia<\/title>\n<meta name=\"robots\" content=\"index, follow, max-snippet:-1, max-image-preview:large, max-video-preview:-1\" \/>\n<link rel=\"canonical\" href=\"https:\/\/greemap.es\/fr\/galefusion\/\" \/>\n<meta property=\"og:locale\" content=\"fr_FR\" \/>\n<meta property=\"og:type\" content=\"article\" \/>\n<meta property=\"og:title\" content=\"Galefusi\u00f3n - Greemap - Madera de Paulownia\" \/>\n<meta property=\"og:description\" content=\"Galefusi\u00f3n Le stand de Galefusion \u00e0 Interihotel est un sublime exemple d&#039;innovation et de style dans le monde de la d\u00e9coration et du design d&#039;int\u00e9rieur. En collaboration avec des marques marquantes de l&#039;industrie, Galefusion a cr\u00e9\u00e9 un espace qui captive au premier regard. Le design du stand, gracieuset\u00e9 de Dr\u00f6mLiving, \u00e9blouit par son \u00e9l\u00e9gance et &hellip;\" \/>\n<meta property=\"og:url\" content=\"https:\/\/greemap.es\/fr\/galefusion\/\" \/>\n<meta property=\"og:site_name\" content=\"Greemap - Madera de Paulownia\" \/>\n<meta property=\"article:publisher\" content=\"https:\/\/www.facebook.com\/pg\/Greemap-105942780853422\/about\/\" \/>\n<meta property=\"article:modified_time\" content=\"2024-09-16T22:07:13+00:00\" \/>\n<meta property=\"og:image\" content=\"https:\/\/greemap.es\/wp-content\/uploads\/2023\/10\/GaleHotel-06-1024x683.jpg\" \/>\n<meta name=\"twitter:card\" content=\"summary_large_image\" \/>\n<meta name=\"twitter:site\" content=\"@greemap_es\" \/>\n<meta name=\"twitter:label1\" content=\"Dur\u00e9e de lecture estim\u00e9e\" \/>\n\t<meta name=\"twitter:data1\" content=\"3 minutes\" \/>\n<script type=\"application\/ld+json\" class=\"yoast-schema-graph\">{\"@context\":\"https:\/\/schema.org\",\"@graph\":[{\"@type\":\"WebPage\",\"@id\":\"https:\/\/greemap.es\/fr\/galefusion\/\",\"url\":\"https:\/\/greemap.es\/fr\/galefusion\/\",\"name\":\"Galefusi\u00f3n - Greemap - Madera de Paulownia\",\"isPartOf\":{\"@id\":\"https:\/\/greemap.es\/#website\"},\"primaryImageOfPage\":{\"@id\":\"https:\/\/greemap.es\/fr\/galefusion\/#primaryimage\"},\"image\":{\"@id\":\"https:\/\/greemap.es\/fr\/galefusion\/#primaryimage\"},\"thumbnailUrl\":\"https:\/\/greemap.es\/wp-content\/uploads\/2023\/10\/GaleHotel-06-1024x683.jpg\",\"datePublished\":\"2024-01-12T10:44:40+00:00\",\"dateModified\":\"2024-09-16T22:07:13+00:00\",\"breadcrumb\":{\"@id\":\"https:\/\/greemap.es\/fr\/galefusion\/#breadcrumb\"},\"inLanguage\":\"fr-FR\",\"potentialAction\":[{\"@type\":\"ReadAction\",\"target\":[\"https:\/\/greemap.es\/fr\/galefusion\/\"]}]},{\"@type\":\"ImageObject\",\"inLanguage\":\"fr-FR\",\"@id\":\"https:\/\/greemap.es\/fr\/galefusion\/#primaryimage\",\"url\":\"https:\/\/greemap.es\/wp-content\/uploads\/2023\/10\/GaleHotel-06-1024x683.jpg\",\"contentUrl\":\"https:\/\/greemap.es\/wp-content\/uploads\/2023\/10\/GaleHotel-06-1024x683.jpg\"},{\"@type\":\"BreadcrumbList\",\"@id\":\"https:\/\/greemap.es\/fr\/galefusion\/#breadcrumb\",\"itemListElement\":[{\"@type\":\"ListItem\",\"position\":1,\"name\":\"Portada\",\"item\":\"https:\/\/greemap.es\/fr\/\"},{\"@type\":\"ListItem\",\"position\":2,\"name\":\"Galefusi\u00f3n\"}]},{\"@type\":\"WebSite\",\"@id\":\"https:\/\/greemap.es\/#website\",\"url\":\"https:\/\/greemap.es\/\",\"name\":\"Greemap - Madera de Paulownia\",\"description\":\"wood is our soul\",\"publisher\":{\"@id\":\"https:\/\/greemap.es\/#organization\"},\"potentialAction\":[{\"@type\":\"SearchAction\",\"target\":{\"@type\":\"EntryPoint\",\"urlTemplate\":\"https:\/\/greemap.es\/?s={search_term_string}\"},\"query-input\":{\"@type\":\"PropertyValueSpecification\",\"valueRequired\":true,\"valueName\":\"search_term_string\"}}],\"inLanguage\":\"fr-FR\"},{\"@type\":\"Organization\",\"@id\":\"https:\/\/greemap.es\/#organization\",\"name\":\"Greemap\",\"url\":\"https:\/\/greemap.es\/\",\"logo\":{\"@type\":\"ImageObject\",\"inLanguage\":\"fr-FR\",\"@id\":\"https:\/\/greemap.es\/#\/schema\/logo\/image\/\",\"url\":\"https:\/\/greemap.es\/wp-content\/uploads\/2019\/08\/greemap-logo-282.png\",\"contentUrl\":\"https:\/\/greemap.es\/wp-content\/uploads\/2019\/08\/greemap-logo-282.png\",\"width\":1920,\"height\":282,\"caption\":\"Greemap\"},\"image\":{\"@id\":\"https:\/\/greemap.es\/#\/schema\/logo\/image\/\"},\"sameAs\":[\"https:\/\/www.facebook.com\/pg\/Greemap-105942780853422\/about\/\",\"https:\/\/x.com\/greemap_es\",\"https:\/\/www.instagram.com\/greemap_es\/\"]}]}<\/script>\n<!-- \/ Yoast SEO plugin. -->","yoast_head_json":{"title":"Galefusi\u00f3n - Greemap - Madera de Paulownia","robots":{"index":"index","follow":"follow","max-snippet":"max-snippet:-1","max-image-preview":"max-image-preview:large","max-video-preview":"max-video-preview:-1"},"canonical":"https:\/\/greemap.es\/fr\/galefusion\/","og_locale":"fr_FR","og_type":"article","og_title":"Galefusi\u00f3n - Greemap - Madera de Paulownia","og_description":"Galefusi\u00f3n Le stand de Galefusion \u00e0 Interihotel est un sublime exemple d'innovation et de style dans le monde de la d\u00e9coration et du design d'int\u00e9rieur. En collaboration avec des marques marquantes de l'industrie, Galefusion a cr\u00e9\u00e9 un espace qui captive au premier regard. Le design du stand, gracieuset\u00e9 de Dr\u00f6mLiving, \u00e9blouit par son \u00e9l\u00e9gance et &hellip;","og_url":"https:\/\/greemap.es\/fr\/galefusion\/","og_site_name":"Greemap - Madera de Paulownia","article_publisher":"https:\/\/www.facebook.com\/pg\/Greemap-105942780853422\/about\/","article_modified_time":"2024-09-16T22:07:13+00:00","og_image":[{"url":"https:\/\/greemap.es\/wp-content\/uploads\/2023\/10\/GaleHotel-06-1024x683.jpg","type":"","width":"","height":""}],"twitter_card":"summary_large_image","twitter_site":"@greemap_es","twitter_misc":{"Dur\u00e9e de lecture estim\u00e9e":"3 minutes"},"schema":{"@context":"https:\/\/schema.org","@graph":[{"@type":"WebPage","@id":"https:\/\/greemap.es\/fr\/galefusion\/","url":"https:\/\/greemap.es\/fr\/galefusion\/","name":"Galefusi\u00f3n - Greemap - Madera de Paulownia","isPartOf":{"@id":"https:\/\/greemap.es\/#website"},"primaryImageOfPage":{"@id":"https:\/\/greemap.es\/fr\/galefusion\/#primaryimage"},"image":{"@id":"https:\/\/greemap.es\/fr\/galefusion\/#primaryimage"},"thumbnailUrl":"https:\/\/greemap.es\/wp-content\/uploads\/2023\/10\/GaleHotel-06-1024x683.jpg","datePublished":"2024-01-12T10:44:40+00:00","dateModified":"2024-09-16T22:07:13+00:00","breadcrumb":{"@id":"https:\/\/greemap.es\/fr\/galefusion\/#breadcrumb"},"inLanguage":"fr-FR","potentialAction":[{"@type":"ReadAction","target":["https:\/\/greemap.es\/fr\/galefusion\/"]}]},{"@type":"ImageObject","inLanguage":"fr-FR","@id":"https:\/\/greemap.es\/fr\/galefusion\/#primaryimage","url":"https:\/\/greemap.es\/wp-content\/uploads\/2023\/10\/GaleHotel-06-1024x683.jpg","contentUrl":"https:\/\/greemap.es\/wp-content\/uploads\/2023\/10\/GaleHotel-06-1024x683.jpg"},{"@type":"BreadcrumbList","@id":"https:\/\/greemap.es\/fr\/galefusion\/#breadcrumb","itemListElement":[{"@type":"ListItem","position":1,"name":"Portada","item":"https:\/\/greemap.es\/fr\/"},{"@type":"ListItem","position":2,"name":"Galefusi\u00f3n"}]},{"@type":"WebSite","@id":"https:\/\/greemap.es\/#website","url":"https:\/\/greemap.es\/","name":"Greemap - Madera de Paulownia","description":"wood is our soul","publisher":{"@id":"https:\/\/greemap.es\/#organization"},"potentialAction":[{"@type":"SearchAction","target":{"@type":"EntryPoint","urlTemplate":"https:\/\/greemap.es\/?s={search_term_string}"},"query-input":{"@type":"PropertyValueSpecification","valueRequired":true,"valueName":"search_term_string"}}],"inLanguage":"fr-FR"},{"@type":"Organization","@id":"https:\/\/greemap.es\/#organization","name":"Greemap","url":"https:\/\/greemap.es\/","logo":{"@type":"ImageObject","inLanguage":"fr-FR","@id":"https:\/\/greemap.es\/#\/schema\/logo\/image\/","url":"https:\/\/greemap.es\/wp-content\/uploads\/2019\/08\/greemap-logo-282.png","contentUrl":"https:\/\/greemap.es\/wp-content\/uploads\/2019\/08\/greemap-logo-282.png","width":1920,"height":282,"caption":"Greemap"},"image":{"@id":"https:\/\/greemap.es\/#\/schema\/logo\/image\/"},"sameAs":["https:\/\/www.facebook.com\/pg\/Greemap-105942780853422\/about\/","https:\/\/x.com\/greemap_es","https:\/\/www.instagram.com\/greemap_es\/"]}]}},"_links":{"self":[{"href":"https:\/\/greemap.es\/fr\/wp-json\/wp\/v2\/pages\/15965","targetHints":{"allow":["GET"]}}],"collection":[{"href":"https:\/\/greemap.es\/fr\/wp-json\/wp\/v2\/pages"}],"about":[{"href":"https:\/\/greemap.es\/fr\/wp-json\/wp\/v2\/types\/page"}],"author":[{"embeddable":true,"href":"https:\/\/greemap.es\/fr\/wp-json\/wp\/v2\/users\/3"}],"replies":[{"embeddable":true,"href":"https:\/\/greemap.es\/fr\/wp-json\/wp\/v2\/comments?post=15965"}],"version-history":[{"count":4,"href":"https:\/\/greemap.es\/fr\/wp-json\/wp\/v2\/pages\/15965\/revisions"}],"predecessor-version":[{"id":16982,"href":"https:\/\/greemap.es\/fr\/wp-json\/wp\/v2\/pages\/15965\/revisions\/16982"}],"wp:attachment":[{"href":"https:\/\/greemap.es\/fr\/wp-json\/wp\/v2\/media?parent=15965"}],"curies":[{"name":"wp","href":"https:\/\/api.w.org\/{rel}","templated":true}]}}