{"id":15963,"date":"2024-01-12T10:34:33","date_gmt":"2024-01-12T10:34:33","guid":{"rendered":"https:\/\/greemap.es\/codis-bath\/"},"modified":"2024-09-16T21:59:03","modified_gmt":"2024-09-16T21:59:03","slug":"codis-bath","status":"publish","type":"page","link":"https:\/\/greemap.es\/fr\/codis-bath\/","title":{"rendered":"Codis Bath"},"content":{"rendered":"\t\t<div data-elementor-type=\"wp-page\" data-elementor-id=\"15963\" class=\"elementor elementor-15963 elementor-14814\" data-elementor-post-type=\"page\">\n\t\t\t\t\t\t<section class=\"elementor-section elementor-top-section elementor-element elementor-element-e9bc394 elementor-section-boxed elementor-section-height-default elementor-section-height-default\" data-id=\"e9bc394\" data-element_type=\"section\">\n\t\t\t\t\t\t<div class=\"elementor-container elementor-column-gap-no\">\n\t\t\t\t\t<div class=\"elementor-column elementor-col-100 elementor-top-column elementor-element elementor-element-c189817\" data-id=\"c189817\" data-element_type=\"column\">\n\t\t\t<div class=\"elementor-widget-wrap elementor-element-populated\">\n\t\t\t\t\t\t<div class=\"elementor-element elementor-element-6abfe7e elementor-widget elementor-widget-heading\" data-id=\"6abfe7e\" data-element_type=\"widget\" data-widget_type=\"heading.default\">\n\t\t\t\t<div class=\"elementor-widget-container\">\n\t\t\t\t\t<h1 class=\"elementor-heading-title elementor-size-default\">Codis Bath<\/h1>\t\t\t\t<\/div>\n\t\t\t\t<\/div>\n\t\t\t\t\t<\/div>\n\t\t<\/div>\n\t\t\t\t\t<\/div>\n\t\t<\/section>\n\t\t\t\t<section class=\"elementor-section elementor-top-section elementor-element elementor-element-b6b1212 elementor-section-boxed elementor-section-height-default elementor-section-height-default\" data-id=\"b6b1212\" data-element_type=\"section\" data-settings=\"{&quot;background_background&quot;:&quot;classic&quot;}\">\n\t\t\t\t\t\t<div class=\"elementor-container elementor-column-gap-default\">\n\t\t\t\t\t<div class=\"elementor-column elementor-col-50 elementor-top-column elementor-element elementor-element-1ccba7b\" data-id=\"1ccba7b\" data-element_type=\"column\" data-settings=\"{&quot;background_background&quot;:&quot;classic&quot;}\">\n\t\t\t<div class=\"elementor-widget-wrap elementor-element-populated\">\n\t\t\t\t\t<div class=\"elementor-background-overlay\"><\/div>\n\t\t\t\t\t\t<div class=\"elementor-element elementor-element-a47e7bc elementor-widget-divider--view-line elementor-widget elementor-widget-divider\" data-id=\"a47e7bc\" data-element_type=\"widget\" data-widget_type=\"divider.default\">\n\t\t\t\t<div class=\"elementor-widget-container\">\n\t\t\t\t\t\t\t<div class=\"elementor-divider\">\n\t\t\t<span class=\"elementor-divider-separator\">\n\t\t\t\t\t\t<\/span>\n\t\t<\/div>\n\t\t\t\t\t\t<\/div>\n\t\t\t\t<\/div>\n\t\t\t\t<div class=\"elementor-element elementor-element-e2a7cfa elementor-widget elementor-widget-text-editor\" data-id=\"e2a7cfa\" data-element_type=\"widget\" data-widget_type=\"text-editor.default\">\n\t\t\t\t<div class=\"elementor-widget-container\">\n\t\t\t\t\t\t\t\t\t<p>La collection de meubles de salle de bain Codis, appel\u00e9e \u00ab\u00a0Stecche\u00a0\u00bb, se distingue par son design innovant \u00e0 lattes sur les fa\u00e7ades des meubles, compl\u00e9t\u00e9 par 6 finitions en paulownia. Les panneaux de ce design apportent une touche moderne et sophistiqu\u00e9e, ce qui le rend parfait pour ceux qui aiment l&rsquo;\u00e9l\u00e9gance.<\/p>\n<p>Mais ce n&rsquo;est pas tout : en plus de l&rsquo;option finition paulownia, ce m\u00eame motif ray\u00e9 peut \u00eatre fabriqu\u00e9 en laque dans n&rsquo;importe quelle couleur de la carte RAL. De cette fa\u00e7on, les limites de la nouvelle collection sont \u00e9largies, permettant de concevoir la salle de bains dans les mat\u00e9riaux que vous souhaitez sans perdre la force du design \u00e0 lattes de la fa\u00e7ade.<\/p>\n<p>Chez Codis, gr\u00e2ce \u00e0 la polyvalence de la collection, vous pouvez personnaliser votre salle de bain et cr\u00e9er un espace unique et \u00e9l\u00e9gant qui s&rsquo;adapte \u00e0 vos besoins et \u00e0 vos go\u00fbts.n<\/p>\t\t\t\t\t\t\t\t<\/div>\n\t\t\t\t<\/div>\n\t\t\t\t<div class=\"elementor-element elementor-element-bfa2bcd elementor-widget-divider--view-line elementor-widget elementor-widget-divider\" data-id=\"bfa2bcd\" data-element_type=\"widget\" data-widget_type=\"divider.default\">\n\t\t\t\t<div class=\"elementor-widget-container\">\n\t\t\t\t\t\t\t<div class=\"elementor-divider\">\n\t\t\t<span class=\"elementor-divider-separator\">\n\t\t\t\t\t\t<\/span>\n\t\t<\/div>\n\t\t\t\t\t\t<\/div>\n\t\t\t\t<\/div>\n\t\t\t\t<div class=\"elementor-element elementor-element-133dcf5 elementor-widget elementor-widget-image\" data-id=\"133dcf5\" data-element_type=\"widget\" data-widget_type=\"image.default\">\n\t\t\t\t<div class=\"elementor-widget-container\">\n\t\t\t\t\t\t\t\t\t\t\t\t\t\t\t<img fetchpriority=\"high\" decoding=\"async\" width=\"300\" height=\"200\" src=\"https:\/\/greemap.es\/wp-content\/uploads\/2023\/03\/Tablero-Alistonado-2-1-300x200.jpg\" class=\"attachment-medium size-medium wp-image-15120\" alt=\"Tablero Alistonado 2\" srcset=\"https:\/\/greemap.es\/wp-content\/uploads\/2023\/03\/Tablero-Alistonado-2-1-300x200.jpg 300w, https:\/\/greemap.es\/wp-content\/uploads\/2023\/03\/Tablero-Alistonado-2-1-1024x683.jpg 1024w, https:\/\/greemap.es\/wp-content\/uploads\/2023\/03\/Tablero-Alistonado-2-1-768x512.jpg 768w, https:\/\/greemap.es\/wp-content\/uploads\/2023\/03\/Tablero-Alistonado-2-1.jpg 1200w\" sizes=\"(max-width: 300px) 100vw, 300px\" \/>\t\t\t\t\t\t\t\t\t\t\t\t\t\t\t<\/div>\n\t\t\t\t<\/div>\n\t\t\t\t\t<\/div>\n\t\t<\/div>\n\t\t\t\t<div class=\"elementor-column elementor-col-50 elementor-top-column elementor-element elementor-element-418ce85\" data-id=\"418ce85\" data-element_type=\"column\">\n\t\t\t<div class=\"elementor-widget-wrap elementor-element-populated\">\n\t\t\t\t\t\t<div class=\"elementor-element elementor-element-1d4ed44 elementor-widget elementor-widget-image\" data-id=\"1d4ed44\" data-element_type=\"widget\" data-widget_type=\"image.default\">\n\t\t\t\t<div class=\"elementor-widget-container\">\n\t\t\t\t\t\t\t\t\t\t\t\t\t\t\t<img decoding=\"async\" width=\"787\" height=\"1024\" src=\"https:\/\/greemap.es\/wp-content\/uploads\/2023\/01\/2.jpg\" class=\"attachment-large size-large wp-image-14816\" alt=\"paulownia ba\u00f1o\" srcset=\"https:\/\/greemap.es\/wp-content\/uploads\/2023\/01\/2.jpg 787w, https:\/\/greemap.es\/wp-content\/uploads\/2023\/01\/2-231x300.jpg 231w, https:\/\/greemap.es\/wp-content\/uploads\/2023\/01\/2-768x999.jpg 768w\" sizes=\"(max-width: 787px) 100vw, 787px\" \/>\t\t\t\t\t\t\t\t\t\t\t\t\t\t\t<\/div>\n\t\t\t\t<\/div>\n\t\t\t\t\t<\/div>\n\t\t<\/div>\n\t\t\t\t\t<\/div>\n\t\t<\/section>\n\t\t\t\t<section class=\"elementor-section elementor-top-section elementor-element elementor-element-b63c8cb elementor-reverse-mobile elementor-section-boxed elementor-section-height-default elementor-section-height-default\" data-id=\"b63c8cb\" data-element_type=\"section\" data-settings=\"{&quot;background_background&quot;:&quot;classic&quot;}\">\n\t\t\t\t\t\t<div class=\"elementor-container elementor-column-gap-no\">\n\t\t\t\t\t<div class=\"elementor-column elementor-col-100 elementor-top-column elementor-element elementor-element-a6e490e\" data-id=\"a6e490e\" data-element_type=\"column\">\n\t\t\t<div class=\"elementor-widget-wrap elementor-element-populated\">\n\t\t\t\t\t\t<div class=\"elementor-element elementor-element-1cfdc10 elementor-widget elementor-widget-image\" data-id=\"1cfdc10\" data-element_type=\"widget\" data-widget_type=\"image.default\">\n\t\t\t\t<div class=\"elementor-widget-container\">\n\t\t\t\t\t\t\t\t\t\t\t\t\t\t\t<img decoding=\"async\" width=\"885\" height=\"590\" src=\"https:\/\/greemap.es\/wp-content\/uploads\/2023\/01\/1.jpg\" class=\"attachment-large size-large wp-image-14819\" alt=\"\" srcset=\"https:\/\/greemap.es\/wp-content\/uploads\/2023\/01\/1.jpg 1024w, https:\/\/greemap.es\/wp-content\/uploads\/2023\/01\/1-300x200.jpg 300w, https:\/\/greemap.es\/wp-content\/uploads\/2023\/01\/1-768x512.jpg 768w\" sizes=\"(max-width: 885px) 100vw, 885px\" \/>\t\t\t\t\t\t\t\t\t\t\t\t\t\t\t<\/div>\n\t\t\t\t<\/div>\n\t\t\t\t\t<\/div>\n\t\t<\/div>\n\t\t\t\t\t<\/div>\n\t\t<\/section>\n\t\t\t\t<section class=\"elementor-section elementor-top-section elementor-element elementor-element-f9af0ec elementor-section-full_width elementor-section-height-default elementor-section-height-default\" data-id=\"f9af0ec\" data-element_type=\"section\">\n\t\t\t\t\t\t<div class=\"elementor-container elementor-column-gap-no\">\n\t\t\t\t\t<div class=\"elementor-column elementor-col-100 elementor-top-column elementor-element elementor-element-9056c01\" data-id=\"9056c01\" data-element_type=\"column\">\n\t\t\t<div class=\"elementor-widget-wrap elementor-element-populated\">\n\t\t\t\t\t\t<section class=\"elementor-section elementor-inner-section elementor-element elementor-element-dc4bf70 elementor-section-full_width elementor-section-height-default elementor-section-height-default\" data-id=\"dc4bf70\" data-element_type=\"section\">\n\t\t\t\t\t\t<div class=\"elementor-container elementor-column-gap-default\">\n\t\t\t\t\t<div class=\"elementor-column elementor-col-50 elementor-inner-column elementor-element elementor-element-76b750c\" data-id=\"76b750c\" data-element_type=\"column\">\n\t\t\t<div class=\"elementor-widget-wrap elementor-element-populated\">\n\t\t\t\t\t\t<div class=\"elementor-element elementor-element-ee618d6 elementor-widget elementor-widget-image\" data-id=\"ee618d6\" data-element_type=\"widget\" data-widget_type=\"image.default\">\n\t\t\t\t<div class=\"elementor-widget-container\">\n\t\t\t\t\t\t\t\t\t\t\t\t\t\t\t<img loading=\"lazy\" decoding=\"async\" width=\"752\" height=\"1080\" src=\"https:\/\/greemap.es\/wp-content\/uploads\/2023\/01\/Codis_C4-1.jpg\" class=\"attachment-medium_large size-medium_large wp-image-14849\" alt=\"\" srcset=\"https:\/\/greemap.es\/wp-content\/uploads\/2023\/01\/Codis_C4-1.jpg 752w, https:\/\/greemap.es\/wp-content\/uploads\/2023\/01\/Codis_C4-1-209x300.jpg 209w, https:\/\/greemap.es\/wp-content\/uploads\/2023\/01\/Codis_C4-1-713x1024.jpg 713w\" sizes=\"(max-width: 752px) 100vw, 752px\" \/>\t\t\t\t\t\t\t\t\t\t\t\t\t\t\t<\/div>\n\t\t\t\t<\/div>\n\t\t\t\t\t<\/div>\n\t\t<\/div>\n\t\t\t\t<div class=\"elementor-column elementor-col-50 elementor-inner-column elementor-element elementor-element-8f76790\" data-id=\"8f76790\" data-element_type=\"column\">\n\t\t\t<div class=\"elementor-widget-wrap elementor-element-populated\">\n\t\t\t\t\t\t<div class=\"elementor-element elementor-element-5ccda98 elementor-widget elementor-widget-image\" data-id=\"5ccda98\" data-element_type=\"widget\" data-widget_type=\"image.default\">\n\t\t\t\t<div class=\"elementor-widget-container\">\n\t\t\t\t\t\t\t\t\t\t\t\t\t\t\t<img loading=\"lazy\" decoding=\"async\" width=\"752\" height=\"1080\" src=\"https:\/\/greemap.es\/wp-content\/uploads\/2023\/01\/Codis_Alistonado-1.jpg\" class=\"attachment-medium_large size-medium_large wp-image-14846\" alt=\"\" srcset=\"https:\/\/greemap.es\/wp-content\/uploads\/2023\/01\/Codis_Alistonado-1.jpg 752w, https:\/\/greemap.es\/wp-content\/uploads\/2023\/01\/Codis_Alistonado-1-209x300.jpg 209w, https:\/\/greemap.es\/wp-content\/uploads\/2023\/01\/Codis_Alistonado-1-713x1024.jpg 713w\" sizes=\"(max-width: 752px) 100vw, 752px\" \/>\t\t\t\t\t\t\t\t\t\t\t\t\t\t\t<\/div>\n\t\t\t\t<\/div>\n\t\t\t\t\t<\/div>\n\t\t<\/div>\n\t\t\t\t\t<\/div>\n\t\t<\/section>\n\t\t\t\t\t<\/div>\n\t\t<\/div>\n\t\t\t\t\t<\/div>\n\t\t<\/section>\n\t\t\t\t<section class=\"elementor-section elementor-top-section elementor-element elementor-element-12cd1da elementor-section-full_width elementor-section-height-default elementor-section-height-default\" data-id=\"12cd1da\" data-element_type=\"section\">\n\t\t\t\t\t\t<div class=\"elementor-container elementor-column-gap-no\">\n\t\t\t\t\t<div class=\"elementor-column elementor-col-100 elementor-top-column elementor-element elementor-element-4c0891b\" data-id=\"4c0891b\" data-element_type=\"column\">\n\t\t\t<div class=\"elementor-widget-wrap elementor-element-populated\">\n\t\t\t\t\t\t<section class=\"elementor-section elementor-inner-section elementor-element elementor-element-53a0421 elementor-section-full_width elementor-section-height-default elementor-section-height-default\" data-id=\"53a0421\" data-element_type=\"section\">\n\t\t\t\t\t\t<div class=\"elementor-container elementor-column-gap-default\">\n\t\t\t\t\t<div class=\"elementor-column elementor-col-50 elementor-inner-column elementor-element elementor-element-dd36c98\" data-id=\"dd36c98\" data-element_type=\"column\">\n\t\t\t<div class=\"elementor-widget-wrap elementor-element-populated\">\n\t\t\t\t\t\t<div class=\"elementor-element elementor-element-526619b elementor-widget elementor-widget-image\" data-id=\"526619b\" data-element_type=\"widget\" data-widget_type=\"image.default\">\n\t\t\t\t<div class=\"elementor-widget-container\">\n\t\t\t\t\t\t\t\t\t\t\t\t\t\t\t<img loading=\"lazy\" decoding=\"async\" width=\"559\" height=\"565\" src=\"https:\/\/greemap.es\/wp-content\/uploads\/2023\/01\/7.jpg\" class=\"attachment-medium_large size-medium_large wp-image-14834\" alt=\"\" srcset=\"https:\/\/greemap.es\/wp-content\/uploads\/2023\/01\/7.jpg 559w, https:\/\/greemap.es\/wp-content\/uploads\/2023\/01\/7-297x300.jpg 297w\" sizes=\"(max-width: 559px) 100vw, 559px\" \/>\t\t\t\t\t\t\t\t\t\t\t\t\t\t\t<\/div>\n\t\t\t\t<\/div>\n\t\t\t\t\t<\/div>\n\t\t<\/div>\n\t\t\t\t<div class=\"elementor-column elementor-col-50 elementor-inner-column elementor-element elementor-element-88c2f40\" data-id=\"88c2f40\" data-element_type=\"column\">\n\t\t\t<div class=\"elementor-widget-wrap elementor-element-populated\">\n\t\t\t\t\t\t<div class=\"elementor-element elementor-element-4531193 elementor-widget elementor-widget-image\" data-id=\"4531193\" data-element_type=\"widget\" data-widget_type=\"image.default\">\n\t\t\t\t<div class=\"elementor-widget-container\">\n\t\t\t\t\t\t\t\t\t\t\t\t\t\t\t<img loading=\"lazy\" decoding=\"async\" width=\"1170\" height=\"820\" src=\"https:\/\/greemap.es\/wp-content\/uploads\/2023\/01\/5.jpg\" class=\"attachment-full size-full wp-image-14828\" alt=\"\" srcset=\"https:\/\/greemap.es\/wp-content\/uploads\/2023\/01\/5.jpg 1170w, https:\/\/greemap.es\/wp-content\/uploads\/2023\/01\/5-300x210.jpg 300w, https:\/\/greemap.es\/wp-content\/uploads\/2023\/01\/5-1024x718.jpg 1024w, https:\/\/greemap.es\/wp-content\/uploads\/2023\/01\/5-768x538.jpg 768w\" sizes=\"(max-width: 1170px) 100vw, 1170px\" \/>\t\t\t\t\t\t\t\t\t\t\t\t\t\t\t<\/div>\n\t\t\t\t<\/div>\n\t\t\t\t\t<\/div>\n\t\t<\/div>\n\t\t\t\t\t<\/div>\n\t\t<\/section>\n\t\t\t\t\t<\/div>\n\t\t<\/div>\n\t\t\t\t\t<\/div>\n\t\t<\/section>\n\t\t\t\t<\/div>\n\t\t","protected":false},"excerpt":{"rendered":"<p>Codis Bath La collection de meubles de salle de bain Codis, appel\u00e9e \u00ab\u00a0Stecche\u00a0\u00bb, se distingue par son design innovant \u00e0 lattes sur les fa\u00e7ades des meubles, compl\u00e9t\u00e9 par 6 finitions en paulownia. Les panneaux de ce design apportent une touche moderne et sophistiqu\u00e9e, ce qui le rend parfait pour ceux qui aiment l&rsquo;\u00e9l\u00e9gance. Mais ce &hellip;<\/p>\n","protected":false},"author":3,"featured_media":0,"parent":0,"menu_order":0,"comment_status":"closed","ping_status":"closed","template":"elementor_header_footer","meta":{"rop_custom_images_group":[],"rop_custom_messages_group":[],"rop_publish_now":"initial","rop_publish_now_accounts":{"facebook_423260185886928_105942780853422":"","twitter_1192717459796701185_1192717459796701185":""},"rop_publish_now_history":[],"rop_publish_now_status":"pending","footnotes":""},"class_list":["post-15963","page","type-page","status-publish","hentry","no-thumb"],"yoast_head":"<!-- This site is optimized with the Yoast SEO plugin v26.1.1 - https:\/\/yoast.com\/wordpress\/plugins\/seo\/ -->\n<title>Codis Bath - Greemap - Madera de Paulownia<\/title>\n<meta name=\"robots\" content=\"index, follow, max-snippet:-1, max-image-preview:large, max-video-preview:-1\" \/>\n<link rel=\"canonical\" href=\"https:\/\/greemap.es\/fr\/codis-bath\/\" \/>\n<meta property=\"og:locale\" content=\"fr_FR\" \/>\n<meta property=\"og:type\" content=\"article\" \/>\n<meta property=\"og:title\" content=\"Codis Bath - Greemap - Madera de Paulownia\" \/>\n<meta property=\"og:description\" content=\"Codis Bath La collection de meubles de salle de bain Codis, appel\u00e9e &quot;Stecche&quot;, se distingue par son design innovant \u00e0 lattes sur les fa\u00e7ades des meubles, compl\u00e9t\u00e9 par 6 finitions en paulownia. Les panneaux de ce design apportent une touche moderne et sophistiqu\u00e9e, ce qui le rend parfait pour ceux qui aiment l&#039;\u00e9l\u00e9gance. Mais ce &hellip;\" \/>\n<meta property=\"og:url\" content=\"https:\/\/greemap.es\/fr\/codis-bath\/\" \/>\n<meta property=\"og:site_name\" content=\"Greemap - Madera de Paulownia\" \/>\n<meta property=\"article:publisher\" content=\"https:\/\/www.facebook.com\/pg\/Greemap-105942780853422\/about\/\" \/>\n<meta property=\"article:modified_time\" content=\"2024-09-16T21:59:03+00:00\" \/>\n<meta property=\"og:image\" content=\"https:\/\/greemap.es\/wp-content\/uploads\/2023\/03\/Tablero-Alistonado-2-1-300x200.jpg\" \/>\n<meta name=\"twitter:card\" content=\"summary_large_image\" \/>\n<meta name=\"twitter:site\" content=\"@greemap_es\" \/>\n<meta name=\"twitter:label1\" content=\"Dur\u00e9e de lecture estim\u00e9e\" \/>\n\t<meta name=\"twitter:data1\" content=\"3 minutes\" \/>\n<script type=\"application\/ld+json\" class=\"yoast-schema-graph\">{\"@context\":\"https:\/\/schema.org\",\"@graph\":[{\"@type\":\"WebPage\",\"@id\":\"https:\/\/greemap.es\/fr\/codis-bath\/\",\"url\":\"https:\/\/greemap.es\/fr\/codis-bath\/\",\"name\":\"Codis Bath - Greemap - Madera de Paulownia\",\"isPartOf\":{\"@id\":\"https:\/\/greemap.es\/#website\"},\"primaryImageOfPage\":{\"@id\":\"https:\/\/greemap.es\/fr\/codis-bath\/#primaryimage\"},\"image\":{\"@id\":\"https:\/\/greemap.es\/fr\/codis-bath\/#primaryimage\"},\"thumbnailUrl\":\"https:\/\/greemap.es\/wp-content\/uploads\/2023\/03\/Tablero-Alistonado-2-1-300x200.jpg\",\"datePublished\":\"2024-01-12T10:34:33+00:00\",\"dateModified\":\"2024-09-16T21:59:03+00:00\",\"breadcrumb\":{\"@id\":\"https:\/\/greemap.es\/fr\/codis-bath\/#breadcrumb\"},\"inLanguage\":\"fr-FR\",\"potentialAction\":[{\"@type\":\"ReadAction\",\"target\":[\"https:\/\/greemap.es\/fr\/codis-bath\/\"]}]},{\"@type\":\"ImageObject\",\"inLanguage\":\"fr-FR\",\"@id\":\"https:\/\/greemap.es\/fr\/codis-bath\/#primaryimage\",\"url\":\"https:\/\/greemap.es\/wp-content\/uploads\/2023\/03\/Tablero-Alistonado-2-1-300x200.jpg\",\"contentUrl\":\"https:\/\/greemap.es\/wp-content\/uploads\/2023\/03\/Tablero-Alistonado-2-1-300x200.jpg\"},{\"@type\":\"BreadcrumbList\",\"@id\":\"https:\/\/greemap.es\/fr\/codis-bath\/#breadcrumb\",\"itemListElement\":[{\"@type\":\"ListItem\",\"position\":1,\"name\":\"Portada\",\"item\":\"https:\/\/greemap.es\/fr\/\"},{\"@type\":\"ListItem\",\"position\":2,\"name\":\"Codis Bath\"}]},{\"@type\":\"WebSite\",\"@id\":\"https:\/\/greemap.es\/#website\",\"url\":\"https:\/\/greemap.es\/\",\"name\":\"Greemap - Madera de Paulownia\",\"description\":\"wood is our soul\",\"publisher\":{\"@id\":\"https:\/\/greemap.es\/#organization\"},\"potentialAction\":[{\"@type\":\"SearchAction\",\"target\":{\"@type\":\"EntryPoint\",\"urlTemplate\":\"https:\/\/greemap.es\/?s={search_term_string}\"},\"query-input\":{\"@type\":\"PropertyValueSpecification\",\"valueRequired\":true,\"valueName\":\"search_term_string\"}}],\"inLanguage\":\"fr-FR\"},{\"@type\":\"Organization\",\"@id\":\"https:\/\/greemap.es\/#organization\",\"name\":\"Greemap\",\"url\":\"https:\/\/greemap.es\/\",\"logo\":{\"@type\":\"ImageObject\",\"inLanguage\":\"fr-FR\",\"@id\":\"https:\/\/greemap.es\/#\/schema\/logo\/image\/\",\"url\":\"https:\/\/greemap.es\/wp-content\/uploads\/2019\/08\/greemap-logo-282.png\",\"contentUrl\":\"https:\/\/greemap.es\/wp-content\/uploads\/2019\/08\/greemap-logo-282.png\",\"width\":1920,\"height\":282,\"caption\":\"Greemap\"},\"image\":{\"@id\":\"https:\/\/greemap.es\/#\/schema\/logo\/image\/\"},\"sameAs\":[\"https:\/\/www.facebook.com\/pg\/Greemap-105942780853422\/about\/\",\"https:\/\/x.com\/greemap_es\",\"https:\/\/www.instagram.com\/greemap_es\/\"]}]}<\/script>\n<!-- \/ Yoast SEO plugin. -->","yoast_head_json":{"title":"Codis Bath - Greemap - Madera de Paulownia","robots":{"index":"index","follow":"follow","max-snippet":"max-snippet:-1","max-image-preview":"max-image-preview:large","max-video-preview":"max-video-preview:-1"},"canonical":"https:\/\/greemap.es\/fr\/codis-bath\/","og_locale":"fr_FR","og_type":"article","og_title":"Codis Bath - Greemap - Madera de Paulownia","og_description":"Codis Bath La collection de meubles de salle de bain Codis, appel\u00e9e \"Stecche\", se distingue par son design innovant \u00e0 lattes sur les fa\u00e7ades des meubles, compl\u00e9t\u00e9 par 6 finitions en paulownia. Les panneaux de ce design apportent une touche moderne et sophistiqu\u00e9e, ce qui le rend parfait pour ceux qui aiment l'\u00e9l\u00e9gance. Mais ce &hellip;","og_url":"https:\/\/greemap.es\/fr\/codis-bath\/","og_site_name":"Greemap - Madera de Paulownia","article_publisher":"https:\/\/www.facebook.com\/pg\/Greemap-105942780853422\/about\/","article_modified_time":"2024-09-16T21:59:03+00:00","og_image":[{"url":"https:\/\/greemap.es\/wp-content\/uploads\/2023\/03\/Tablero-Alistonado-2-1-300x200.jpg","type":"","width":"","height":""}],"twitter_card":"summary_large_image","twitter_site":"@greemap_es","twitter_misc":{"Dur\u00e9e de lecture estim\u00e9e":"3 minutes"},"schema":{"@context":"https:\/\/schema.org","@graph":[{"@type":"WebPage","@id":"https:\/\/greemap.es\/fr\/codis-bath\/","url":"https:\/\/greemap.es\/fr\/codis-bath\/","name":"Codis Bath - Greemap - Madera de Paulownia","isPartOf":{"@id":"https:\/\/greemap.es\/#website"},"primaryImageOfPage":{"@id":"https:\/\/greemap.es\/fr\/codis-bath\/#primaryimage"},"image":{"@id":"https:\/\/greemap.es\/fr\/codis-bath\/#primaryimage"},"thumbnailUrl":"https:\/\/greemap.es\/wp-content\/uploads\/2023\/03\/Tablero-Alistonado-2-1-300x200.jpg","datePublished":"2024-01-12T10:34:33+00:00","dateModified":"2024-09-16T21:59:03+00:00","breadcrumb":{"@id":"https:\/\/greemap.es\/fr\/codis-bath\/#breadcrumb"},"inLanguage":"fr-FR","potentialAction":[{"@type":"ReadAction","target":["https:\/\/greemap.es\/fr\/codis-bath\/"]}]},{"@type":"ImageObject","inLanguage":"fr-FR","@id":"https:\/\/greemap.es\/fr\/codis-bath\/#primaryimage","url":"https:\/\/greemap.es\/wp-content\/uploads\/2023\/03\/Tablero-Alistonado-2-1-300x200.jpg","contentUrl":"https:\/\/greemap.es\/wp-content\/uploads\/2023\/03\/Tablero-Alistonado-2-1-300x200.jpg"},{"@type":"BreadcrumbList","@id":"https:\/\/greemap.es\/fr\/codis-bath\/#breadcrumb","itemListElement":[{"@type":"ListItem","position":1,"name":"Portada","item":"https:\/\/greemap.es\/fr\/"},{"@type":"ListItem","position":2,"name":"Codis Bath"}]},{"@type":"WebSite","@id":"https:\/\/greemap.es\/#website","url":"https:\/\/greemap.es\/","name":"Greemap - Madera de Paulownia","description":"wood is our soul","publisher":{"@id":"https:\/\/greemap.es\/#organization"},"potentialAction":[{"@type":"SearchAction","target":{"@type":"EntryPoint","urlTemplate":"https:\/\/greemap.es\/?s={search_term_string}"},"query-input":{"@type":"PropertyValueSpecification","valueRequired":true,"valueName":"search_term_string"}}],"inLanguage":"fr-FR"},{"@type":"Organization","@id":"https:\/\/greemap.es\/#organization","name":"Greemap","url":"https:\/\/greemap.es\/","logo":{"@type":"ImageObject","inLanguage":"fr-FR","@id":"https:\/\/greemap.es\/#\/schema\/logo\/image\/","url":"https:\/\/greemap.es\/wp-content\/uploads\/2019\/08\/greemap-logo-282.png","contentUrl":"https:\/\/greemap.es\/wp-content\/uploads\/2019\/08\/greemap-logo-282.png","width":1920,"height":282,"caption":"Greemap"},"image":{"@id":"https:\/\/greemap.es\/#\/schema\/logo\/image\/"},"sameAs":["https:\/\/www.facebook.com\/pg\/Greemap-105942780853422\/about\/","https:\/\/x.com\/greemap_es","https:\/\/www.instagram.com\/greemap_es\/"]}]}},"_links":{"self":[{"href":"https:\/\/greemap.es\/fr\/wp-json\/wp\/v2\/pages\/15963","targetHints":{"allow":["GET"]}}],"collection":[{"href":"https:\/\/greemap.es\/fr\/wp-json\/wp\/v2\/pages"}],"about":[{"href":"https:\/\/greemap.es\/fr\/wp-json\/wp\/v2\/types\/page"}],"author":[{"embeddable":true,"href":"https:\/\/greemap.es\/fr\/wp-json\/wp\/v2\/users\/3"}],"replies":[{"embeddable":true,"href":"https:\/\/greemap.es\/fr\/wp-json\/wp\/v2\/comments?post=15963"}],"version-history":[{"count":4,"href":"https:\/\/greemap.es\/fr\/wp-json\/wp\/v2\/pages\/15963\/revisions"}],"predecessor-version":[{"id":16964,"href":"https:\/\/greemap.es\/fr\/wp-json\/wp\/v2\/pages\/15963\/revisions\/16964"}],"wp:attachment":[{"href":"https:\/\/greemap.es\/fr\/wp-json\/wp\/v2\/media?parent=15963"}],"curies":[{"name":"wp","href":"https:\/\/api.w.org\/{rel}","templated":true}]}}